{"id":2308,"date":"2025-09-21T11:44:32","date_gmt":"2025-09-21T10:44:32","guid":{"rendered":"https:\/\/endurance-dz.com\/?post_type=product&#038;p=2308"},"modified":"2025-09-27T20:43:48","modified_gmt":"2025-09-27T19:43:48","slug":"endurance-danny-m-melange","status":"publish","type":"product","link":"https:\/\/endurance-dz.com\/index.php\/produit\/endurance-danny-m-melange\/","title":{"rendered":"Endurance Danny M Melange"},"content":{"rendered":"<p data-start=\"240\" data-end=\"546\">Alliez performance et style avec le <strong data-start=\"276\" data-end=\"311\">Danny M Melange Cycling\/MTB Tee<\/strong> d\u2019Endurance, con\u00e7u sp\u00e9cialement pour les sportifs qui recherchent confort, l\u00e9g\u00e8ret\u00e9 et libert\u00e9 de mouvement. Que ce soit pour le <strong data-start=\"441\" data-end=\"493\">cyclisme, le VTT, la course \u00e0 pied ou le fitness<\/strong>, ce t-shirt technique est un alli\u00e9 incontournable.<\/p>\n<p data-start=\"548\" data-end=\"915\">Fabriqu\u00e9 \u00e0 partir d\u2019un m\u00e9lange innovant de <strong data-start=\"591\" data-end=\"627\">93 % polyester et 7 % \u00e9lasthanne<\/strong>, il offre une excellente gestion de l\u2019humidit\u00e9 et une \u00e9lasticit\u00e9 optimale, vous permettant de bouger librement sans contrainte. Sa coupe ergonomique \u00e9pouse les lignes du corps tout en restant respirante, id\u00e9ale pour les entra\u00eenements intenses comme pour les sorties plus d\u00e9contract\u00e9es.<\/p>\n<p data-start=\"917\" data-end=\"1236\">\u2714 T-shirt technique homme \u2013 Cyclisme, VTT, Running, Fitness<br data-start=\"976\" data-end=\"979\" \/>\u2714 Mati\u00e8re l\u00e9g\u00e8re, respirante et extensible<br data-start=\"1021\" data-end=\"1024\" \/>\u2714 S\u00e9chage rapide &amp; gestion efficace de la transpiration<br data-start=\"1079\" data-end=\"1082\" \/>\u2714 Design moderne m\u00e9lang\u00e9, adapt\u00e9 au sport comme au quotidien<br data-start=\"1142\" data-end=\"1145\" \/>\u2714 Composition : 93 % polyester, 7 % \u00e9lasthanne<br data-start=\"1191\" data-end=\"1194\" \/>\u2714 Facile d\u2019entretien \u2013 lavage en machine<\/p>\n<p data-start=\"1238\" data-end=\"1337\"><strong data-start=\"1238\" data-end=\"1335\">Un incontournable pour tous les passionn\u00e9s de sport qui veulent allier performance et design.<\/strong><\/p>\n","protected":false},"excerpt":{"rendered":"<p data-start=\"1381\" data-end=\"1558\"><strong data-start=\"1381\" data-end=\"1414\">Endurance Danny M Melange Tee<\/strong> \u2013 T-shirt technique homme l\u00e9ger, respirant et extensible. Parfait pour le cyclisme, le running, le fitness et toutes vos activit\u00e9s sportives.<\/p>\n","protected":false},"featured_media":2484,"template":"","meta":{"site-sidebar-layout":"default","site-content-layout":"","ast-site-content-layout":"default","site-content-style":"default","site-sidebar-style":"default","ast-global-header-display":"","ast-banner-title-visibility":"","ast-main-header-display":"","ast-hfb-above-header-display":"","ast-hfb-below-header-display":"","ast-hfb-mobile-header-display":"","site-post-title":"","ast-breadcrumbs-content":"","ast-featured-img":"","footer-sml-layout":"","theme-transparent-header-meta":"default","adv-header-id-meta":"","stick-header-meta":"","header-above-stick-meta":"","header-main-stick-meta":"","header-below-stick-meta":"","astra-migrate-meta-layouts":"set","ast-page-background-enabled":"default","ast-page-background-meta":{"desktop":{"background-color":"var(--ast-global-color-4)","background-image":"","background-repeat":"repeat","background-position":"center center","background-size":"auto","background-attachment":"scroll","background-type":"","background-media":"","overlay-type":"","overlay-color":"","overlay-opacity":"","overlay-gradient":""},"tablet":{"background-color":"","background-image":"","background-repeat":"repeat","background-position":"center center","background-size":"auto","background-attachment":"scroll","background-type":"","background-media":"","overlay-type":"","overlay-color":"","overlay-opacity":"","overlay-gradient":""},"mobile":{"background-color":"","background-image":"","background-repeat":"repeat","background-position":"center center","background-size":"auto","background-attachment":"scroll","background-type":"","background-media":"","overlay-type":"","overlay-color":"","overlay-opacity":"","overlay-gradient":""}},"ast-content-background-meta":{"desktop":{"background-color":"var(--ast-global-color-5)","background-image":"","background-repeat":"repeat","background-position":"center center","background-size":"auto","background-attachment":"scroll","background-type":"","background-media":"","overlay-type":"","overlay-color":"","overlay-opacity":"","overlay-gradient":""},"tablet":{"background-color":"var(--ast-global-color-5)","background-image":"","background-repeat":"repeat","background-position":"center center","background-size":"auto","background-attachment":"scroll","background-type":"","background-media":"","overlay-type":"","overlay-color":"","overlay-opacity":"","overlay-gradient":""},"mobile":{"background-color":"var(--ast-global-color-5)","background-image":"","background-repeat":"repeat","background-position":"center center","background-size":"auto","background-attachment":"scroll","background-type":"","background-media":"","overlay-type":"","overlay-color":"","overlay-opacity":"","overlay-gradient":""}}},"product_brand":[],"product_cat":[41],"product_tag":[],"class_list":{"0":"post-2308","1":"product","2":"type-product","3":"status-publish","4":"has-post-thumbnail","6":"product_cat-homme","7":"desktop-align-center","8":"tablet-align-left","9":"mobile-align-left","11":"first","12":"instock","13":"sale","14":"shipping-taxable","15":"purchasable","16":"product-type-variable"},"yoast_head":"<!-- This site is optimized with the Yoast SEO plugin v26.4 - https:\/\/yoast.com\/wordpress\/plugins\/seo\/ -->\n<title>Endurance Danny M Melange - Endurance Algerie<\/title>\n<meta name=\"robots\" content=\"index, follow, max-snippet:-1, max-image-preview:large, max-video-preview:-1\" \/>\n<link rel=\"canonical\" href=\"https:\/\/endurance-dz.com\/index.php\/produit\/endurance-danny-m-melange\/\" \/>\n<meta property=\"og:locale\" content=\"fr_FR\" \/>\n<meta property=\"og:type\" content=\"article\" \/>\n<meta property=\"og:title\" content=\"Endurance Danny M Melange - Endurance Algerie\" \/>\n<meta property=\"og:description\" content=\"Endurance Danny M Melange Tee \u2013 T-shirt technique homme l\u00e9ger, respirant et extensible. Parfait pour le cyclisme, le running, le fitness et toutes vos activit\u00e9s sportives.\" \/>\n<meta property=\"og:url\" content=\"https:\/\/endurance-dz.com\/index.php\/produit\/endurance-danny-m-melange\/\" \/>\n<meta property=\"og:site_name\" content=\"Endurance Algerie\" \/>\n<meta property=\"article:publisher\" content=\"https:\/\/www.facebook.com\/endurance.Sport.algerie\" \/>\n<meta property=\"article:modified_time\" content=\"2025-09-27T19:43:48+00:00\" \/>\n<meta property=\"og:image\" content=\"https:\/\/endurance-dz.com\/wp-content\/uploads\/2025\/09\/T-SHIRT-ENDURANCE.jpg\" \/>\n\t<meta property=\"og:image:width\" content=\"1200\" \/>\n\t<meta property=\"og:image:height\" content=\"1200\" \/>\n\t<meta property=\"og:image:type\" content=\"image\/jpeg\" \/>\n<meta name=\"twitter:card\" content=\"summary_large_image\" \/>\n<meta name=\"twitter:label1\" content=\"Dur\u00e9e de lecture estim\u00e9e\" \/>\n\t<meta name=\"twitter:data1\" content=\"1 minute\" \/>\n<script type=\"application\/ld+json\" class=\"yoast-schema-graph\">{\"@context\":\"https:\/\/schema.org\",\"@graph\":[{\"@type\":\"WebPage\",\"@id\":\"https:\/\/endurance-dz.com\/index.php\/produit\/endurance-danny-m-melange\/\",\"url\":\"https:\/\/endurance-dz.com\/index.php\/produit\/endurance-danny-m-melange\/\",\"name\":\"Endurance Danny M Melange - Endurance Algerie\",\"isPartOf\":{\"@id\":\"https:\/\/endurance-dz.com\/#website\"},\"primaryImageOfPage\":{\"@id\":\"https:\/\/endurance-dz.com\/index.php\/produit\/endurance-danny-m-melange\/#primaryimage\"},\"image\":{\"@id\":\"https:\/\/endurance-dz.com\/index.php\/produit\/endurance-danny-m-melange\/#primaryimage\"},\"thumbnailUrl\":\"https:\/\/endurance-dz.com\/wp-content\/uploads\/2025\/09\/T-SHIRT-ENDURANCE.jpg\",\"datePublished\":\"2025-09-21T10:44:32+00:00\",\"dateModified\":\"2025-09-27T19:43:48+00:00\",\"breadcrumb\":{\"@id\":\"https:\/\/endurance-dz.com\/index.php\/produit\/endurance-danny-m-melange\/#breadcrumb\"},\"inLanguage\":\"fr-FR\",\"potentialAction\":[{\"@type\":\"ReadAction\",\"target\":[\"https:\/\/endurance-dz.com\/index.php\/produit\/endurance-danny-m-melange\/\"]}]},{\"@type\":\"ImageObject\",\"inLanguage\":\"fr-FR\",\"@id\":\"https:\/\/endurance-dz.com\/index.php\/produit\/endurance-danny-m-melange\/#primaryimage\",\"url\":\"https:\/\/endurance-dz.com\/wp-content\/uploads\/2025\/09\/T-SHIRT-ENDURANCE.jpg\",\"contentUrl\":\"https:\/\/endurance-dz.com\/wp-content\/uploads\/2025\/09\/T-SHIRT-ENDURANCE.jpg\",\"width\":1200,\"height\":1200},{\"@type\":\"BreadcrumbList\",\"@id\":\"https:\/\/endurance-dz.com\/index.php\/produit\/endurance-danny-m-melange\/#breadcrumb\",\"itemListElement\":[{\"@type\":\"ListItem\",\"position\":1,\"name\":\"Accueil\",\"item\":\"https:\/\/endurance-dz.com\/\"},{\"@type\":\"ListItem\",\"position\":2,\"name\":\"Shop\",\"item\":\"https:\/\/endurance-dz.com\/index.php\/shop\/\"},{\"@type\":\"ListItem\",\"position\":3,\"name\":\"Endurance Danny M Melange\"}]},{\"@type\":\"WebSite\",\"@id\":\"https:\/\/endurance-dz.com\/#website\",\"url\":\"https:\/\/endurance-dz.com\/\",\"name\":\"Endurance Algerie\",\"description\":\"\",\"publisher\":{\"@id\":\"https:\/\/endurance-dz.com\/#organization\"},\"potentialAction\":[{\"@type\":\"SearchAction\",\"target\":{\"@type\":\"EntryPoint\",\"urlTemplate\":\"https:\/\/endurance-dz.com\/?s={search_term_string}\"},\"query-input\":{\"@type\":\"PropertyValueSpecification\",\"valueRequired\":true,\"valueName\":\"search_term_string\"}}],\"inLanguage\":\"fr-FR\"},{\"@type\":\"Organization\",\"@id\":\"https:\/\/endurance-dz.com\/#organization\",\"name\":\"Endurance Algerie\",\"url\":\"https:\/\/endurance-dz.com\/\",\"logo\":{\"@type\":\"ImageObject\",\"inLanguage\":\"fr-FR\",\"@id\":\"https:\/\/endurance-dz.com\/#\/schema\/logo\/image\/\",\"url\":\"https:\/\/endurance-dz.com\/wp-content\/uploads\/2023\/11\/cropped-Endurance-icone-site-e1700606707992.png\",\"contentUrl\":\"https:\/\/endurance-dz.com\/wp-content\/uploads\/2023\/11\/cropped-Endurance-icone-site-e1700606707992.png\",\"width\":512,\"height\":512,\"caption\":\"Endurance Algerie\"},\"image\":{\"@id\":\"https:\/\/endurance-dz.com\/#\/schema\/logo\/image\/\"},\"sameAs\":[\"https:\/\/www.facebook.com\/endurance.Sport.algerie\"]}]}<\/script>\n<!-- \/ Yoast SEO plugin. -->","yoast_head_json":{"title":"Endurance Danny M Melange - Endurance Algerie","robots":{"index":"index","follow":"follow","max-snippet":"max-snippet:-1","max-image-preview":"max-image-preview:large","max-video-preview":"max-video-preview:-1"},"canonical":"https:\/\/endurance-dz.com\/index.php\/produit\/endurance-danny-m-melange\/","og_locale":"fr_FR","og_type":"article","og_title":"Endurance Danny M Melange - Endurance Algerie","og_description":"Endurance Danny M Melange Tee \u2013 T-shirt technique homme l\u00e9ger, respirant et extensible. Parfait pour le cyclisme, le running, le fitness et toutes vos activit\u00e9s sportives.","og_url":"https:\/\/endurance-dz.com\/index.php\/produit\/endurance-danny-m-melange\/","og_site_name":"Endurance Algerie","article_publisher":"https:\/\/www.facebook.com\/endurance.Sport.algerie","article_modified_time":"2025-09-27T19:43:48+00:00","og_image":[{"width":1200,"height":1200,"url":"https:\/\/endurance-dz.com\/wp-content\/uploads\/2025\/09\/T-SHIRT-ENDURANCE.jpg","type":"image\/jpeg"}],"twitter_card":"summary_large_image","twitter_misc":{"Dur\u00e9e de lecture estim\u00e9e":"1 minute"},"schema":{"@context":"https:\/\/schema.org","@graph":[{"@type":"WebPage","@id":"https:\/\/endurance-dz.com\/index.php\/produit\/endurance-danny-m-melange\/","url":"https:\/\/endurance-dz.com\/index.php\/produit\/endurance-danny-m-melange\/","name":"Endurance Danny M Melange - Endurance Algerie","isPartOf":{"@id":"https:\/\/endurance-dz.com\/#website"},"primaryImageOfPage":{"@id":"https:\/\/endurance-dz.com\/index.php\/produit\/endurance-danny-m-melange\/#primaryimage"},"image":{"@id":"https:\/\/endurance-dz.com\/index.php\/produit\/endurance-danny-m-melange\/#primaryimage"},"thumbnailUrl":"https:\/\/endurance-dz.com\/wp-content\/uploads\/2025\/09\/T-SHIRT-ENDURANCE.jpg","datePublished":"2025-09-21T10:44:32+00:00","dateModified":"2025-09-27T19:43:48+00:00","breadcrumb":{"@id":"https:\/\/endurance-dz.com\/index.php\/produit\/endurance-danny-m-melange\/#breadcrumb"},"inLanguage":"fr-FR","potentialAction":[{"@type":"ReadAction","target":["https:\/\/endurance-dz.com\/index.php\/produit\/endurance-danny-m-melange\/"]}]},{"@type":"ImageObject","inLanguage":"fr-FR","@id":"https:\/\/endurance-dz.com\/index.php\/produit\/endurance-danny-m-melange\/#primaryimage","url":"https:\/\/endurance-dz.com\/wp-content\/uploads\/2025\/09\/T-SHIRT-ENDURANCE.jpg","contentUrl":"https:\/\/endurance-dz.com\/wp-content\/uploads\/2025\/09\/T-SHIRT-ENDURANCE.jpg","width":1200,"height":1200},{"@type":"BreadcrumbList","@id":"https:\/\/endurance-dz.com\/index.php\/produit\/endurance-danny-m-melange\/#breadcrumb","itemListElement":[{"@type":"ListItem","position":1,"name":"Accueil","item":"https:\/\/endurance-dz.com\/"},{"@type":"ListItem","position":2,"name":"Shop","item":"https:\/\/endurance-dz.com\/index.php\/shop\/"},{"@type":"ListItem","position":3,"name":"Endurance Danny M Melange"}]},{"@type":"WebSite","@id":"https:\/\/endurance-dz.com\/#website","url":"https:\/\/endurance-dz.com\/","name":"Endurance Algerie","description":"","publisher":{"@id":"https:\/\/endurance-dz.com\/#organization"},"potentialAction":[{"@type":"SearchAction","target":{"@type":"EntryPoint","urlTemplate":"https:\/\/endurance-dz.com\/?s={search_term_string}"},"query-input":{"@type":"PropertyValueSpecification","valueRequired":true,"valueName":"search_term_string"}}],"inLanguage":"fr-FR"},{"@type":"Organization","@id":"https:\/\/endurance-dz.com\/#organization","name":"Endurance Algerie","url":"https:\/\/endurance-dz.com\/","logo":{"@type":"ImageObject","inLanguage":"fr-FR","@id":"https:\/\/endurance-dz.com\/#\/schema\/logo\/image\/","url":"https:\/\/endurance-dz.com\/wp-content\/uploads\/2023\/11\/cropped-Endurance-icone-site-e1700606707992.png","contentUrl":"https:\/\/endurance-dz.com\/wp-content\/uploads\/2023\/11\/cropped-Endurance-icone-site-e1700606707992.png","width":512,"height":512,"caption":"Endurance Algerie"},"image":{"@id":"https:\/\/endurance-dz.com\/#\/schema\/logo\/image\/"},"sameAs":["https:\/\/www.facebook.com\/endurance.Sport.algerie"]}]}},"jetpack_sharing_enabled":true,"_links":{"self":[{"href":"https:\/\/endurance-dz.com\/index.php\/wp-json\/wp\/v2\/product\/2308","targetHints":{"allow":["GET"]}}],"collection":[{"href":"https:\/\/endurance-dz.com\/index.php\/wp-json\/wp\/v2\/product"}],"about":[{"href":"https:\/\/endurance-dz.com\/index.php\/wp-json\/wp\/v2\/types\/product"}],"version-history":[{"count":2,"href":"https:\/\/endurance-dz.com\/index.php\/wp-json\/wp\/v2\/product\/2308\/revisions"}],"predecessor-version":[{"id":2315,"href":"https:\/\/endurance-dz.com\/index.php\/wp-json\/wp\/v2\/product\/2308\/revisions\/2315"}],"wp:featuredmedia":[{"embeddable":true,"href":"https:\/\/endurance-dz.com\/index.php\/wp-json\/wp\/v2\/media\/2484"}],"wp:attachment":[{"href":"https:\/\/endurance-dz.com\/index.php\/wp-json\/wp\/v2\/media?parent=2308"}],"wp:term":[{"taxonomy":"product_brand","embeddable":true,"href":"https:\/\/endurance-dz.com\/index.php\/wp-json\/wp\/v2\/product_brand?post=2308"},{"taxonomy":"product_cat","embeddable":true,"href":"https:\/\/endurance-dz.com\/index.php\/wp-json\/wp\/v2\/product_cat?post=2308"},{"taxonomy":"product_tag","embeddable":true,"href":"https:\/\/endurance-dz.com\/index.php\/wp-json\/wp\/v2\/product_tag?post=2308"}],"curies":[{"name":"wp","href":"https:\/\/api.w.org\/{rel}","templated":true}]}}