{"id":1623,"date":"2024-08-28T17:04:14","date_gmt":"2024-08-28T16:04:14","guid":{"rendered":"https:\/\/endurance-dz.com\/?post_type=product&#038;p=1623"},"modified":"2024-11-12T16:07:32","modified_gmt":"2024-11-12T15:07:32","slug":"jamal-shorts-homme-2","status":"publish","type":"product","link":"https:\/\/endurance-dz.com\/index.php\/produit\/jamal-shorts-homme-2\/","title":{"rendered":"Jamal Shorts Homme"},"content":{"rendered":"<div class=\"prod-attr\"><b class=\"attr-name\">Sport : <\/b>Cyclisme<\/div>\n<div class=\"prod-attr\"><b class=\"attr-name\">Genre :<\/b>Homme<\/div>\n<div class=\"prod-attr\"><b class=\"attr-name\">Type de fermeture :<\/b>Boutons pression<\/div>\n<div class=\"prod-attr\"><b class=\"attr-name\">Type de poches :<\/b>Poches lat\u00e9rales zipp\u00e9es<\/div>\n<div class=\"prod-attr\">\n<p><b class=\"attr-name\">Ceinture:<\/b><\/p>\n<ul class=\"attr-items\">\n<li class=\"list-item\">R\u00e9glable de l&rsquo;int\u00e9rieur<\/li>\n<li class=\"list-item\">Ceinture partiellement \u00e9lastique<\/li>\n<\/ul>\n<\/div>\n<div class=\"prod-attr\">\n<p><b class=\"attr-name\">D\u00e9tails:<\/b><\/p>\n<ul class=\"attr-items\">\n<li class=\"list-item\">Silicone au bas de la jambe<\/li>\n<li class=\"list-item\">Avec tapis de cyclisme polyvalent<\/li>\n<li class=\"list-item\">Avec collants int\u00e9rieurs amovibles<\/li>\n<\/ul>\n<\/div>\n<div class=\"prod-attr sku\">\n<p><b class=\"attr-name\">Care instructions:<\/b><\/p>\n<ul class=\"attr-items\">\n<li class=\"care-item\">Ne pas utiliser de javel<\/li>\n<li class=\"care-item\">Ne pas repasser<\/li>\n<li class=\"care-item\">Ne pas passer au s\u00e8che linge<\/li>\n<li class=\"care-item\">Lavage en machine \u00e0 40 degr\u00e9s<\/li>\n<li class=\"care-item\"><span class=\"no-image\">Veuillez suivre les instructions d&rsquo;entretien sur l&rsquo;\u00e9tiquette<\/span><\/li>\n<li>\n<div class=\"prod-attr\"><b class=\"attr-name\">Mat\u00e9riau ext\u00e9rieur principal (%):<\/b>90% polyester, 10% \u00e9lasthanne<\/div>\n<\/li>\n<li>\n<div class=\"prod-attr\"><\/div>\n<div class=\"prod-attr\"><b class=\"attr-name\">Deuxi\u00e8me mat\u00e9riau ext\u00e9rieur (%):<\/b>87% polyester, 13% \u00c9lasthanne<\/div>\n<\/li>\n<\/ul>\n<\/div>\n","protected":false},"excerpt":{"rendered":"<div class=\"prod-attr\">\n<p><b class=\"attr-name\">Caract\u00e9ristiques:<\/b><\/p>\n<ul class=\"attr-items\">\n<li class=\"list-item\">Respirant<\/li>\n<li class=\"list-item\">S\u00e9chage rapide<\/li>\n<li class=\"list-item\">\u00c9l\u00e9ments r\u00e9fl\u00e9chissants<\/li>\n<li class=\"list-item\">Fonction d&rsquo;\u00e9tirement<\/li>\n<li class=\"list-item\">Bande velcro<\/li>\n<li class=\"list-item\">\u00c9tanche<\/li>\n<li class=\"list-item\">Fermeture \u00e9clair pour un acc\u00e8s facile<\/li>\n<\/ul>\n<\/div>\n<div class=\"prod-attr\">\n<p><b class=\"attr-name\">Technologie:<\/b><\/p>\n<ul class=\"attr-items\">\n<li class=\"list-item\">\u00c9tirement dans les 4 sens<\/li>\n<li class=\"list-item\">S\u00e9chage rapide<\/li>\n<li class=\"list-item\">Reflex<\/li>\n<\/ul>\n<\/div>\n","protected":false},"featured_media":1988,"template":"","meta":{"site-sidebar-layout":"default","site-content-layout":"","ast-site-content-layout":"default","site-content-style":"default","site-sidebar-style":"default","ast-global-header-display":"","ast-banner-title-visibility":"","ast-main-header-display":"","ast-hfb-above-header-display":"","ast-hfb-below-header-display":"","ast-hfb-mobile-header-display":"","site-post-title":"","ast-breadcrumbs-content":"","ast-featured-img":"","footer-sml-layout":"","theme-transparent-header-meta":"default","adv-header-id-meta":"","stick-header-meta":"","header-above-stick-meta":"","header-main-stick-meta":"","header-below-stick-meta":"","astra-migrate-meta-layouts":"set","ast-page-background-enabled":"default","ast-page-background-meta":{"desktop":{"background-color":"var(--ast-global-color-4)","background-image":"","background-repeat":"repeat","background-position":"center center","background-size":"auto","background-attachment":"scroll","background-type":"","background-media":"","overlay-type":"","overlay-color":"","overlay-opacity":"","overlay-gradient":""},"tablet":{"background-color":"","background-image":"","background-repeat":"repeat","background-position":"center center","background-size":"auto","background-attachment":"scroll","background-type":"","background-media":"","overlay-type":"","overlay-color":"","overlay-opacity":"","overlay-gradient":""},"mobile":{"background-color":"","background-image":"","background-repeat":"repeat","background-position":"center center","background-size":"auto","background-attachment":"scroll","background-type":"","background-media":"","overlay-type":"","overlay-color":"","overlay-opacity":"","overlay-gradient":""}},"ast-content-background-meta":{"desktop":{"background-color":"var(--ast-global-color-5)","background-image":"","background-repeat":"repeat","background-position":"center center","background-size":"auto","background-attachment":"scroll","background-type":"","background-media":"","overlay-type":"","overlay-color":"","overlay-opacity":"","overlay-gradient":""},"tablet":{"background-color":"var(--ast-global-color-5)","background-image":"","background-repeat":"repeat","background-position":"center center","background-size":"auto","background-attachment":"scroll","background-type":"","background-media":"","overlay-type":"","overlay-color":"","overlay-opacity":"","overlay-gradient":""},"mobile":{"background-color":"var(--ast-global-color-5)","background-image":"","background-repeat":"repeat","background-position":"center center","background-size":"auto","background-attachment":"scroll","background-type":"","background-media":"","overlay-type":"","overlay-color":"","overlay-opacity":"","overlay-gradient":""}}},"product_brand":[],"product_cat":[41,40],"product_tag":[],"class_list":{"0":"post-1623","1":"product","2":"type-product","3":"status-publish","4":"has-post-thumbnail","6":"product_cat-homme","7":"product_cat-boutique","8":"desktop-align-center","9":"tablet-align-left","10":"mobile-align-left","12":"first","13":"instock","14":"sale","15":"shipping-taxable","16":"purchasable","17":"product-type-simple"},"yoast_head":"<!-- This site is optimized with the Yoast SEO plugin v26.4 - https:\/\/yoast.com\/wordpress\/plugins\/seo\/ -->\n<title>Jamal Shorts Homme - Endurance Algerie<\/title>\n<meta name=\"robots\" content=\"index, follow, max-snippet:-1, max-image-preview:large, max-video-preview:-1\" \/>\n<link rel=\"canonical\" href=\"https:\/\/endurance-dz.com\/index.php\/produit\/jamal-shorts-homme-2\/\" \/>\n<meta property=\"og:locale\" content=\"fr_FR\" \/>\n<meta property=\"og:type\" content=\"article\" \/>\n<meta property=\"og:title\" content=\"Jamal Shorts Homme - Endurance Algerie\" \/>\n<meta property=\"og:description\" content=\"Caract\u00e9ristiques:   Respirant  S\u00e9chage rapide  \u00c9l\u00e9ments r\u00e9fl\u00e9chissants  Fonction d&#039;\u00e9tirement  Bande velcro  \u00c9tanche  Fermeture \u00e9clair pour un acc\u00e8s facile     Technologie:   \u00c9tirement dans les 4 sens  S\u00e9chage rapide  Reflex\" \/>\n<meta property=\"og:url\" content=\"https:\/\/endurance-dz.com\/index.php\/produit\/jamal-shorts-homme-2\/\" \/>\n<meta property=\"og:site_name\" content=\"Endurance Algerie\" \/>\n<meta property=\"article:publisher\" content=\"https:\/\/www.facebook.com\/endurance.Sport.algerie\" \/>\n<meta property=\"article:modified_time\" content=\"2024-11-12T15:07:32+00:00\" \/>\n<meta property=\"og:image\" content=\"https:\/\/endurance-dz.com\/wp-content\/uploads\/2024\/08\/Jamal-short-homme.webp\" \/>\n\t<meta property=\"og:image:width\" content=\"1200\" \/>\n\t<meta property=\"og:image:height\" content=\"1200\" \/>\n\t<meta property=\"og:image:type\" content=\"image\/webp\" \/>\n<meta name=\"twitter:card\" content=\"summary_large_image\" \/>\n<script type=\"application\/ld+json\" class=\"yoast-schema-graph\">{\"@context\":\"https:\/\/schema.org\",\"@graph\":[{\"@type\":\"WebPage\",\"@id\":\"https:\/\/endurance-dz.com\/index.php\/produit\/jamal-shorts-homme-2\/\",\"url\":\"https:\/\/endurance-dz.com\/index.php\/produit\/jamal-shorts-homme-2\/\",\"name\":\"Jamal Shorts Homme - Endurance Algerie\",\"isPartOf\":{\"@id\":\"https:\/\/endurance-dz.com\/#website\"},\"primaryImageOfPage\":{\"@id\":\"https:\/\/endurance-dz.com\/index.php\/produit\/jamal-shorts-homme-2\/#primaryimage\"},\"image\":{\"@id\":\"https:\/\/endurance-dz.com\/index.php\/produit\/jamal-shorts-homme-2\/#primaryimage\"},\"thumbnailUrl\":\"https:\/\/endurance-dz.com\/wp-content\/uploads\/2024\/08\/Jamal-short-homme.webp\",\"datePublished\":\"2024-08-28T16:04:14+00:00\",\"dateModified\":\"2024-11-12T15:07:32+00:00\",\"breadcrumb\":{\"@id\":\"https:\/\/endurance-dz.com\/index.php\/produit\/jamal-shorts-homme-2\/#breadcrumb\"},\"inLanguage\":\"fr-FR\",\"potentialAction\":[{\"@type\":\"ReadAction\",\"target\":[\"https:\/\/endurance-dz.com\/index.php\/produit\/jamal-shorts-homme-2\/\"]}]},{\"@type\":\"ImageObject\",\"inLanguage\":\"fr-FR\",\"@id\":\"https:\/\/endurance-dz.com\/index.php\/produit\/jamal-shorts-homme-2\/#primaryimage\",\"url\":\"https:\/\/endurance-dz.com\/wp-content\/uploads\/2024\/08\/Jamal-short-homme.webp\",\"contentUrl\":\"https:\/\/endurance-dz.com\/wp-content\/uploads\/2024\/08\/Jamal-short-homme.webp\",\"width\":1200,\"height\":1200},{\"@type\":\"BreadcrumbList\",\"@id\":\"https:\/\/endurance-dz.com\/index.php\/produit\/jamal-shorts-homme-2\/#breadcrumb\",\"itemListElement\":[{\"@type\":\"ListItem\",\"position\":1,\"name\":\"Accueil\",\"item\":\"https:\/\/endurance-dz.com\/\"},{\"@type\":\"ListItem\",\"position\":2,\"name\":\"Shop\",\"item\":\"https:\/\/endurance-dz.com\/index.php\/shop\/\"},{\"@type\":\"ListItem\",\"position\":3,\"name\":\"Jamal Shorts Homme\"}]},{\"@type\":\"WebSite\",\"@id\":\"https:\/\/endurance-dz.com\/#website\",\"url\":\"https:\/\/endurance-dz.com\/\",\"name\":\"Endurance Algerie\",\"description\":\"\",\"publisher\":{\"@id\":\"https:\/\/endurance-dz.com\/#organization\"},\"potentialAction\":[{\"@type\":\"SearchAction\",\"target\":{\"@type\":\"EntryPoint\",\"urlTemplate\":\"https:\/\/endurance-dz.com\/?s={search_term_string}\"},\"query-input\":{\"@type\":\"PropertyValueSpecification\",\"valueRequired\":true,\"valueName\":\"search_term_string\"}}],\"inLanguage\":\"fr-FR\"},{\"@type\":\"Organization\",\"@id\":\"https:\/\/endurance-dz.com\/#organization\",\"name\":\"Endurance Algerie\",\"url\":\"https:\/\/endurance-dz.com\/\",\"logo\":{\"@type\":\"ImageObject\",\"inLanguage\":\"fr-FR\",\"@id\":\"https:\/\/endurance-dz.com\/#\/schema\/logo\/image\/\",\"url\":\"https:\/\/endurance-dz.com\/wp-content\/uploads\/2023\/11\/cropped-Endurance-icone-site-e1700606707992.png\",\"contentUrl\":\"https:\/\/endurance-dz.com\/wp-content\/uploads\/2023\/11\/cropped-Endurance-icone-site-e1700606707992.png\",\"width\":512,\"height\":512,\"caption\":\"Endurance Algerie\"},\"image\":{\"@id\":\"https:\/\/endurance-dz.com\/#\/schema\/logo\/image\/\"},\"sameAs\":[\"https:\/\/www.facebook.com\/endurance.Sport.algerie\"]}]}<\/script>\n<!-- \/ Yoast SEO plugin. -->","yoast_head_json":{"title":"Jamal Shorts Homme - Endurance Algerie","robots":{"index":"index","follow":"follow","max-snippet":"max-snippet:-1","max-image-preview":"max-image-preview:large","max-video-preview":"max-video-preview:-1"},"canonical":"https:\/\/endurance-dz.com\/index.php\/produit\/jamal-shorts-homme-2\/","og_locale":"fr_FR","og_type":"article","og_title":"Jamal Shorts Homme - Endurance Algerie","og_description":"Caract\u00e9ristiques:   Respirant  S\u00e9chage rapide  \u00c9l\u00e9ments r\u00e9fl\u00e9chissants  Fonction d'\u00e9tirement  Bande velcro  \u00c9tanche  Fermeture \u00e9clair pour un acc\u00e8s facile     Technologie:   \u00c9tirement dans les 4 sens  S\u00e9chage rapide  Reflex","og_url":"https:\/\/endurance-dz.com\/index.php\/produit\/jamal-shorts-homme-2\/","og_site_name":"Endurance Algerie","article_publisher":"https:\/\/www.facebook.com\/endurance.Sport.algerie","article_modified_time":"2024-11-12T15:07:32+00:00","og_image":[{"width":1200,"height":1200,"url":"https:\/\/endurance-dz.com\/wp-content\/uploads\/2024\/08\/Jamal-short-homme.webp","type":"image\/webp"}],"twitter_card":"summary_large_image","schema":{"@context":"https:\/\/schema.org","@graph":[{"@type":"WebPage","@id":"https:\/\/endurance-dz.com\/index.php\/produit\/jamal-shorts-homme-2\/","url":"https:\/\/endurance-dz.com\/index.php\/produit\/jamal-shorts-homme-2\/","name":"Jamal Shorts Homme - Endurance Algerie","isPartOf":{"@id":"https:\/\/endurance-dz.com\/#website"},"primaryImageOfPage":{"@id":"https:\/\/endurance-dz.com\/index.php\/produit\/jamal-shorts-homme-2\/#primaryimage"},"image":{"@id":"https:\/\/endurance-dz.com\/index.php\/produit\/jamal-shorts-homme-2\/#primaryimage"},"thumbnailUrl":"https:\/\/endurance-dz.com\/wp-content\/uploads\/2024\/08\/Jamal-short-homme.webp","datePublished":"2024-08-28T16:04:14+00:00","dateModified":"2024-11-12T15:07:32+00:00","breadcrumb":{"@id":"https:\/\/endurance-dz.com\/index.php\/produit\/jamal-shorts-homme-2\/#breadcrumb"},"inLanguage":"fr-FR","potentialAction":[{"@type":"ReadAction","target":["https:\/\/endurance-dz.com\/index.php\/produit\/jamal-shorts-homme-2\/"]}]},{"@type":"ImageObject","inLanguage":"fr-FR","@id":"https:\/\/endurance-dz.com\/index.php\/produit\/jamal-shorts-homme-2\/#primaryimage","url":"https:\/\/endurance-dz.com\/wp-content\/uploads\/2024\/08\/Jamal-short-homme.webp","contentUrl":"https:\/\/endurance-dz.com\/wp-content\/uploads\/2024\/08\/Jamal-short-homme.webp","width":1200,"height":1200},{"@type":"BreadcrumbList","@id":"https:\/\/endurance-dz.com\/index.php\/produit\/jamal-shorts-homme-2\/#breadcrumb","itemListElement":[{"@type":"ListItem","position":1,"name":"Accueil","item":"https:\/\/endurance-dz.com\/"},{"@type":"ListItem","position":2,"name":"Shop","item":"https:\/\/endurance-dz.com\/index.php\/shop\/"},{"@type":"ListItem","position":3,"name":"Jamal Shorts Homme"}]},{"@type":"WebSite","@id":"https:\/\/endurance-dz.com\/#website","url":"https:\/\/endurance-dz.com\/","name":"Endurance Algerie","description":"","publisher":{"@id":"https:\/\/endurance-dz.com\/#organization"},"potentialAction":[{"@type":"SearchAction","target":{"@type":"EntryPoint","urlTemplate":"https:\/\/endurance-dz.com\/?s={search_term_string}"},"query-input":{"@type":"PropertyValueSpecification","valueRequired":true,"valueName":"search_term_string"}}],"inLanguage":"fr-FR"},{"@type":"Organization","@id":"https:\/\/endurance-dz.com\/#organization","name":"Endurance Algerie","url":"https:\/\/endurance-dz.com\/","logo":{"@type":"ImageObject","inLanguage":"fr-FR","@id":"https:\/\/endurance-dz.com\/#\/schema\/logo\/image\/","url":"https:\/\/endurance-dz.com\/wp-content\/uploads\/2023\/11\/cropped-Endurance-icone-site-e1700606707992.png","contentUrl":"https:\/\/endurance-dz.com\/wp-content\/uploads\/2023\/11\/cropped-Endurance-icone-site-e1700606707992.png","width":512,"height":512,"caption":"Endurance Algerie"},"image":{"@id":"https:\/\/endurance-dz.com\/#\/schema\/logo\/image\/"},"sameAs":["https:\/\/www.facebook.com\/endurance.Sport.algerie"]}]}},"jetpack_sharing_enabled":true,"_links":{"self":[{"href":"https:\/\/endurance-dz.com\/index.php\/wp-json\/wp\/v2\/product\/1623","targetHints":{"allow":["GET"]}}],"collection":[{"href":"https:\/\/endurance-dz.com\/index.php\/wp-json\/wp\/v2\/product"}],"about":[{"href":"https:\/\/endurance-dz.com\/index.php\/wp-json\/wp\/v2\/types\/product"}],"version-history":[{"count":5,"href":"https:\/\/endurance-dz.com\/index.php\/wp-json\/wp\/v2\/product\/1623\/revisions"}],"predecessor-version":[{"id":1635,"href":"https:\/\/endurance-dz.com\/index.php\/wp-json\/wp\/v2\/product\/1623\/revisions\/1635"}],"wp:featuredmedia":[{"embeddable":true,"href":"https:\/\/endurance-dz.com\/index.php\/wp-json\/wp\/v2\/media\/1988"}],"wp:attachment":[{"href":"https:\/\/endurance-dz.com\/index.php\/wp-json\/wp\/v2\/media?parent=1623"}],"wp:term":[{"taxonomy":"product_brand","embeddable":true,"href":"https:\/\/endurance-dz.com\/index.php\/wp-json\/wp\/v2\/product_brand?post=1623"},{"taxonomy":"product_cat","embeddable":true,"href":"https:\/\/endurance-dz.com\/index.php\/wp-json\/wp\/v2\/product_cat?post=1623"},{"taxonomy":"product_tag","embeddable":true,"href":"https:\/\/endurance-dz.com\/index.php\/wp-json\/wp\/v2\/product_tag?post=1623"}],"curies":[{"name":"wp","href":"https:\/\/api.w.org\/{rel}","templated":true}]}}