{"id":1590,"date":"2024-08-28T14:32:05","date_gmt":"2024-08-28T13:32:05","guid":{"rendered":"https:\/\/endurance-dz.com\/?post_type=product&#038;p=1590"},"modified":"2025-01-16T14:59:06","modified_gmt":"2025-01-16T13:59:06","slug":"keily-t-shirt-femme","status":"publish","type":"product","link":"https:\/\/endurance-dz.com\/index.php\/produit\/keily-t-shirt-femme\/","title":{"rendered":"Keily T-shirt Femme"},"content":{"rendered":"<p>Avec le maillot fonctionnel \u00ab\u00a0Keily W S\/S Tee\u00a0\u00bb pour femmes de la marque danoise ENDURANCE, vous pouvez conqu\u00e9rir le monde du sport dans de nombreuses disciplines ! Le tissu fonctionnel l\u00e9ger en polyester s\u00e8che tr\u00e8s rapidement gr\u00e2ce \u00e0 la technologie innovante QUICK DRY et vous procure une sensation de confort. Les \u00e9l\u00e9ments r\u00e9fl\u00e9chissants assurent une meilleure visibilit\u00e9 dans l&rsquo;obscurit\u00e9. Le design \u00e9pur\u00e9 est convaincant : simple, minimaliste, styl\u00e9. Apr\u00e8s une s\u00e9ance d&rsquo;entra\u00eenement intense, vous pouvez facilement laver le t-shirt \u00e0 40 degr\u00e9s dans la machine \u00e0 laver.<\/p>\n","protected":false},"excerpt":{"rendered":"<p>Avec le maillot fonctionnel \u00ab\u00a0Keily W S\/S Tee\u00a0\u00bb pour femmes de la marque danoise ENDURANCE, vous pouvez conqu\u00e9rir le monde du sport dans de nombreuses disciplines ! Le tissu fonctionnel l\u00e9ger en polyester s\u00e8che tr\u00e8s rapidement gr\u00e2ce \u00e0 la technologie innovante QUICK DRY et vous procure une sensation de confort. Les \u00e9l\u00e9ments r\u00e9fl\u00e9chissants assurent une [&hellip;]<\/p>\n","protected":false},"featured_media":2175,"template":"","meta":{"site-sidebar-layout":"default","site-content-layout":"","ast-site-content-layout":"default","site-content-style":"default","site-sidebar-style":"default","ast-global-header-display":"","ast-banner-title-visibility":"","ast-main-header-display":"","ast-hfb-above-header-display":"","ast-hfb-below-header-display":"","ast-hfb-mobile-header-display":"","site-post-title":"","ast-breadcrumbs-content":"","ast-featured-img":"","footer-sml-layout":"","theme-transparent-header-meta":"default","adv-header-id-meta":"","stick-header-meta":"","header-above-stick-meta":"","header-main-stick-meta":"","header-below-stick-meta":"","astra-migrate-meta-layouts":"set","ast-page-background-enabled":"default","ast-page-background-meta":{"desktop":{"background-color":"var(--ast-global-color-4)","background-image":"","background-repeat":"repeat","background-position":"center center","background-size":"auto","background-attachment":"scroll","background-type":"","background-media":"","overlay-type":"","overlay-color":"","overlay-opacity":"","overlay-gradient":""},"tablet":{"background-color":"","background-image":"","background-repeat":"repeat","background-position":"center center","background-size":"auto","background-attachment":"scroll","background-type":"","background-media":"","overlay-type":"","overlay-color":"","overlay-opacity":"","overlay-gradient":""},"mobile":{"background-color":"","background-image":"","background-repeat":"repeat","background-position":"center center","background-size":"auto","background-attachment":"scroll","background-type":"","background-media":"","overlay-type":"","overlay-color":"","overlay-opacity":"","overlay-gradient":""}},"ast-content-background-meta":{"desktop":{"background-color":"var(--ast-global-color-5)","background-image":"","background-repeat":"repeat","background-position":"center center","background-size":"auto","background-attachment":"scroll","background-type":"","background-media":"","overlay-type":"","overlay-color":"","overlay-opacity":"","overlay-gradient":""},"tablet":{"background-color":"var(--ast-global-color-5)","background-image":"","background-repeat":"repeat","background-position":"center center","background-size":"auto","background-attachment":"scroll","background-type":"","background-media":"","overlay-type":"","overlay-color":"","overlay-opacity":"","overlay-gradient":""},"mobile":{"background-color":"var(--ast-global-color-5)","background-image":"","background-repeat":"repeat","background-position":"center center","background-size":"auto","background-attachment":"scroll","background-type":"","background-media":"","overlay-type":"","overlay-color":"","overlay-opacity":"","overlay-gradient":""}}},"product_brand":[],"product_cat":[42],"product_tag":[],"class_list":{"0":"post-1590","1":"product","2":"type-product","3":"status-publish","4":"has-post-thumbnail","6":"product_cat-femme","7":"desktop-align-center","8":"tablet-align-left","9":"mobile-align-left","11":"first","12":"instock","13":"shipping-taxable","14":"purchasable","15":"product-type-simple"},"yoast_head":"<!-- This site is optimized with the Yoast SEO plugin v26.4 - https:\/\/yoast.com\/wordpress\/plugins\/seo\/ -->\n<title>Keily T-shirt Femme - Endurance Algerie<\/title>\n<meta name=\"robots\" content=\"index, follow, max-snippet:-1, max-image-preview:large, max-video-preview:-1\" \/>\n<link rel=\"canonical\" href=\"https:\/\/endurance-dz.com\/index.php\/produit\/keily-t-shirt-femme\/\" \/>\n<meta property=\"og:locale\" content=\"fr_FR\" \/>\n<meta property=\"og:type\" content=\"article\" \/>\n<meta property=\"og:title\" content=\"Keily T-shirt Femme - Endurance Algerie\" \/>\n<meta property=\"og:description\" content=\"Avec le maillot fonctionnel \u00ab\u00a0Keily W S\/S Tee\u00a0\u00bb pour femmes de la marque danoise ENDURANCE, vous pouvez conqu\u00e9rir le monde du sport dans de nombreuses disciplines ! Le tissu fonctionnel l\u00e9ger en polyester s\u00e8che tr\u00e8s rapidement gr\u00e2ce \u00e0 la technologie innovante QUICK DRY et vous procure une sensation de confort. Les \u00e9l\u00e9ments r\u00e9fl\u00e9chissants assurent une [&hellip;]\" \/>\n<meta property=\"og:url\" content=\"https:\/\/endurance-dz.com\/index.php\/produit\/keily-t-shirt-femme\/\" \/>\n<meta property=\"og:site_name\" content=\"Endurance Algerie\" \/>\n<meta property=\"article:publisher\" content=\"https:\/\/www.facebook.com\/endurance.Sport.algerie\" \/>\n<meta property=\"article:modified_time\" content=\"2025-01-16T13:59:06+00:00\" \/>\n<meta property=\"og:image\" content=\"https:\/\/endurance-dz.com\/wp-content\/uploads\/2024\/08\/9.jpg\" \/>\n\t<meta property=\"og:image:width\" content=\"1200\" \/>\n\t<meta property=\"og:image:height\" content=\"1200\" \/>\n\t<meta property=\"og:image:type\" content=\"image\/jpeg\" \/>\n<meta name=\"twitter:card\" content=\"summary_large_image\" \/>\n<meta name=\"twitter:label1\" content=\"Dur\u00e9e de lecture estim\u00e9e\" \/>\n\t<meta name=\"twitter:data1\" content=\"1 minute\" \/>\n<script type=\"application\/ld+json\" class=\"yoast-schema-graph\">{\"@context\":\"https:\/\/schema.org\",\"@graph\":[{\"@type\":\"WebPage\",\"@id\":\"https:\/\/endurance-dz.com\/index.php\/produit\/keily-t-shirt-femme\/\",\"url\":\"https:\/\/endurance-dz.com\/index.php\/produit\/keily-t-shirt-femme\/\",\"name\":\"Keily T-shirt Femme - Endurance Algerie\",\"isPartOf\":{\"@id\":\"https:\/\/endurance-dz.com\/#website\"},\"primaryImageOfPage\":{\"@id\":\"https:\/\/endurance-dz.com\/index.php\/produit\/keily-t-shirt-femme\/#primaryimage\"},\"image\":{\"@id\":\"https:\/\/endurance-dz.com\/index.php\/produit\/keily-t-shirt-femme\/#primaryimage\"},\"thumbnailUrl\":\"https:\/\/endurance-dz.com\/wp-content\/uploads\/2024\/08\/9.jpg\",\"datePublished\":\"2024-08-28T13:32:05+00:00\",\"dateModified\":\"2025-01-16T13:59:06+00:00\",\"breadcrumb\":{\"@id\":\"https:\/\/endurance-dz.com\/index.php\/produit\/keily-t-shirt-femme\/#breadcrumb\"},\"inLanguage\":\"fr-FR\",\"potentialAction\":[{\"@type\":\"ReadAction\",\"target\":[\"https:\/\/endurance-dz.com\/index.php\/produit\/keily-t-shirt-femme\/\"]}]},{\"@type\":\"ImageObject\",\"inLanguage\":\"fr-FR\",\"@id\":\"https:\/\/endurance-dz.com\/index.php\/produit\/keily-t-shirt-femme\/#primaryimage\",\"url\":\"https:\/\/endurance-dz.com\/wp-content\/uploads\/2024\/08\/9.jpg\",\"contentUrl\":\"https:\/\/endurance-dz.com\/wp-content\/uploads\/2024\/08\/9.jpg\",\"width\":1200,\"height\":1200},{\"@type\":\"BreadcrumbList\",\"@id\":\"https:\/\/endurance-dz.com\/index.php\/produit\/keily-t-shirt-femme\/#breadcrumb\",\"itemListElement\":[{\"@type\":\"ListItem\",\"position\":1,\"name\":\"Accueil\",\"item\":\"https:\/\/endurance-dz.com\/\"},{\"@type\":\"ListItem\",\"position\":2,\"name\":\"Shop\",\"item\":\"https:\/\/endurance-dz.com\/index.php\/shop\/\"},{\"@type\":\"ListItem\",\"position\":3,\"name\":\"Keily T-shirt Femme\"}]},{\"@type\":\"WebSite\",\"@id\":\"https:\/\/endurance-dz.com\/#website\",\"url\":\"https:\/\/endurance-dz.com\/\",\"name\":\"Endurance Algerie\",\"description\":\"\",\"publisher\":{\"@id\":\"https:\/\/endurance-dz.com\/#organization\"},\"potentialAction\":[{\"@type\":\"SearchAction\",\"target\":{\"@type\":\"EntryPoint\",\"urlTemplate\":\"https:\/\/endurance-dz.com\/?s={search_term_string}\"},\"query-input\":{\"@type\":\"PropertyValueSpecification\",\"valueRequired\":true,\"valueName\":\"search_term_string\"}}],\"inLanguage\":\"fr-FR\"},{\"@type\":\"Organization\",\"@id\":\"https:\/\/endurance-dz.com\/#organization\",\"name\":\"Endurance Algerie\",\"url\":\"https:\/\/endurance-dz.com\/\",\"logo\":{\"@type\":\"ImageObject\",\"inLanguage\":\"fr-FR\",\"@id\":\"https:\/\/endurance-dz.com\/#\/schema\/logo\/image\/\",\"url\":\"https:\/\/endurance-dz.com\/wp-content\/uploads\/2023\/11\/cropped-Endurance-icone-site-e1700606707992.png\",\"contentUrl\":\"https:\/\/endurance-dz.com\/wp-content\/uploads\/2023\/11\/cropped-Endurance-icone-site-e1700606707992.png\",\"width\":512,\"height\":512,\"caption\":\"Endurance Algerie\"},\"image\":{\"@id\":\"https:\/\/endurance-dz.com\/#\/schema\/logo\/image\/\"},\"sameAs\":[\"https:\/\/www.facebook.com\/endurance.Sport.algerie\"]}]}<\/script>\n<!-- \/ Yoast SEO plugin. -->","yoast_head_json":{"title":"Keily T-shirt Femme - Endurance Algerie","robots":{"index":"index","follow":"follow","max-snippet":"max-snippet:-1","max-image-preview":"max-image-preview:large","max-video-preview":"max-video-preview:-1"},"canonical":"https:\/\/endurance-dz.com\/index.php\/produit\/keily-t-shirt-femme\/","og_locale":"fr_FR","og_type":"article","og_title":"Keily T-shirt Femme - Endurance Algerie","og_description":"Avec le maillot fonctionnel \u00ab\u00a0Keily W S\/S Tee\u00a0\u00bb pour femmes de la marque danoise ENDURANCE, vous pouvez conqu\u00e9rir le monde du sport dans de nombreuses disciplines ! Le tissu fonctionnel l\u00e9ger en polyester s\u00e8che tr\u00e8s rapidement gr\u00e2ce \u00e0 la technologie innovante QUICK DRY et vous procure une sensation de confort. Les \u00e9l\u00e9ments r\u00e9fl\u00e9chissants assurent une [&hellip;]","og_url":"https:\/\/endurance-dz.com\/index.php\/produit\/keily-t-shirt-femme\/","og_site_name":"Endurance Algerie","article_publisher":"https:\/\/www.facebook.com\/endurance.Sport.algerie","article_modified_time":"2025-01-16T13:59:06+00:00","og_image":[{"width":1200,"height":1200,"url":"https:\/\/endurance-dz.com\/wp-content\/uploads\/2024\/08\/9.jpg","type":"image\/jpeg"}],"twitter_card":"summary_large_image","twitter_misc":{"Dur\u00e9e de lecture estim\u00e9e":"1 minute"},"schema":{"@context":"https:\/\/schema.org","@graph":[{"@type":"WebPage","@id":"https:\/\/endurance-dz.com\/index.php\/produit\/keily-t-shirt-femme\/","url":"https:\/\/endurance-dz.com\/index.php\/produit\/keily-t-shirt-femme\/","name":"Keily T-shirt Femme - Endurance Algerie","isPartOf":{"@id":"https:\/\/endurance-dz.com\/#website"},"primaryImageOfPage":{"@id":"https:\/\/endurance-dz.com\/index.php\/produit\/keily-t-shirt-femme\/#primaryimage"},"image":{"@id":"https:\/\/endurance-dz.com\/index.php\/produit\/keily-t-shirt-femme\/#primaryimage"},"thumbnailUrl":"https:\/\/endurance-dz.com\/wp-content\/uploads\/2024\/08\/9.jpg","datePublished":"2024-08-28T13:32:05+00:00","dateModified":"2025-01-16T13:59:06+00:00","breadcrumb":{"@id":"https:\/\/endurance-dz.com\/index.php\/produit\/keily-t-shirt-femme\/#breadcrumb"},"inLanguage":"fr-FR","potentialAction":[{"@type":"ReadAction","target":["https:\/\/endurance-dz.com\/index.php\/produit\/keily-t-shirt-femme\/"]}]},{"@type":"ImageObject","inLanguage":"fr-FR","@id":"https:\/\/endurance-dz.com\/index.php\/produit\/keily-t-shirt-femme\/#primaryimage","url":"https:\/\/endurance-dz.com\/wp-content\/uploads\/2024\/08\/9.jpg","contentUrl":"https:\/\/endurance-dz.com\/wp-content\/uploads\/2024\/08\/9.jpg","width":1200,"height":1200},{"@type":"BreadcrumbList","@id":"https:\/\/endurance-dz.com\/index.php\/produit\/keily-t-shirt-femme\/#breadcrumb","itemListElement":[{"@type":"ListItem","position":1,"name":"Accueil","item":"https:\/\/endurance-dz.com\/"},{"@type":"ListItem","position":2,"name":"Shop","item":"https:\/\/endurance-dz.com\/index.php\/shop\/"},{"@type":"ListItem","position":3,"name":"Keily T-shirt Femme"}]},{"@type":"WebSite","@id":"https:\/\/endurance-dz.com\/#website","url":"https:\/\/endurance-dz.com\/","name":"Endurance Algerie","description":"","publisher":{"@id":"https:\/\/endurance-dz.com\/#organization"},"potentialAction":[{"@type":"SearchAction","target":{"@type":"EntryPoint","urlTemplate":"https:\/\/endurance-dz.com\/?s={search_term_string}"},"query-input":{"@type":"PropertyValueSpecification","valueRequired":true,"valueName":"search_term_string"}}],"inLanguage":"fr-FR"},{"@type":"Organization","@id":"https:\/\/endurance-dz.com\/#organization","name":"Endurance Algerie","url":"https:\/\/endurance-dz.com\/","logo":{"@type":"ImageObject","inLanguage":"fr-FR","@id":"https:\/\/endurance-dz.com\/#\/schema\/logo\/image\/","url":"https:\/\/endurance-dz.com\/wp-content\/uploads\/2023\/11\/cropped-Endurance-icone-site-e1700606707992.png","contentUrl":"https:\/\/endurance-dz.com\/wp-content\/uploads\/2023\/11\/cropped-Endurance-icone-site-e1700606707992.png","width":512,"height":512,"caption":"Endurance Algerie"},"image":{"@id":"https:\/\/endurance-dz.com\/#\/schema\/logo\/image\/"},"sameAs":["https:\/\/www.facebook.com\/endurance.Sport.algerie"]}]}},"jetpack_sharing_enabled":true,"_links":{"self":[{"href":"https:\/\/endurance-dz.com\/index.php\/wp-json\/wp\/v2\/product\/1590","targetHints":{"allow":["GET"]}}],"collection":[{"href":"https:\/\/endurance-dz.com\/index.php\/wp-json\/wp\/v2\/product"}],"about":[{"href":"https:\/\/endurance-dz.com\/index.php\/wp-json\/wp\/v2\/types\/product"}],"version-history":[{"count":1,"href":"https:\/\/endurance-dz.com\/index.php\/wp-json\/wp\/v2\/product\/1590\/revisions"}],"predecessor-version":[{"id":1599,"href":"https:\/\/endurance-dz.com\/index.php\/wp-json\/wp\/v2\/product\/1590\/revisions\/1599"}],"wp:featuredmedia":[{"embeddable":true,"href":"https:\/\/endurance-dz.com\/index.php\/wp-json\/wp\/v2\/media\/2175"}],"wp:attachment":[{"href":"https:\/\/endurance-dz.com\/index.php\/wp-json\/wp\/v2\/media?parent=1590"}],"wp:term":[{"taxonomy":"product_brand","embeddable":true,"href":"https:\/\/endurance-dz.com\/index.php\/wp-json\/wp\/v2\/product_brand?post=1590"},{"taxonomy":"product_cat","embeddable":true,"href":"https:\/\/endurance-dz.com\/index.php\/wp-json\/wp\/v2\/product_cat?post=1590"},{"taxonomy":"product_tag","embeddable":true,"href":"https:\/\/endurance-dz.com\/index.php\/wp-json\/wp\/v2\/product_tag?post=1590"}],"curies":[{"name":"wp","href":"https:\/\/api.w.org\/{rel}","templated":true}]}}