{"id":1409,"date":"2023-12-21T11:38:24","date_gmt":"2023-12-21T10:38:24","guid":{"rendered":"https:\/\/endurance-dz.com\/?post_type=product&#038;p=1409"},"modified":"2025-09-27T19:29:16","modified_gmt":"2025-09-27T18:29:16","slug":"novant-m-functional-jacket","status":"publish","type":"product","link":"https:\/\/endurance-dz.com\/index.php\/produit\/novant-m-functional-jacket\/","title":{"rendered":"Novant M Functional Jacket"},"content":{"rendered":"<p>La veste fonctionnelle Novant est une veste pour homme tr\u00e8s fonctionnelle de la marque danoise Endurance \ud83c\udde9\ud83c\uddf0. La veste est tr\u00e8s respirante et est con\u00e7ue avec une membrane coupe-vent qui vous permet de vous entra\u00eener m\u00eame les jours de pluie les plus froids car elle vous prot\u00e8ge des conditions m\u00e9t\u00e9orologiques difficiles. Elle est fabriqu\u00e9e dans un tissu am\u00e9liorant l&rsquo;\u00e9vacuation de l&rsquo;humidit\u00e9, vous permettant de rester \u00e0 l&rsquo;aise tout au long de votre course. La veste Novant pr\u00e9sente \u00e9galement des d\u00e9tails r\u00e9fl\u00e9chissants ainsi qu&rsquo;une poche arri\u00e8re et une poche lat\u00e9rale zipp\u00e9es cach\u00e9e vous permettant de transporter de petits objets essentiels lors de votre course.<\/p>\n<p class=\"p1\" style=\"text-align: right;\"><b>Veste Novant Endurance \u25c0\ufe0e<\/b><\/p>\n<p style=\"text-align: right;\">\ud83c\udde9\ud83c\uddf0 <strong>\u0635\u0646\u0639 \u0641\u064a \u0627\u0644\u062f\u0646\u0645\u0627\u0631\u0643<\/strong> &#8211; \u0636\u0645\u0627\u0646 \u0627\u0644\u062c\u0648\u062f\u0629 \u0648\u0627\u0644\u062a\u0645\u064a\u0632 \u0627\u0644\u0623\u0648\u0631\u0648\u0628\u064a \u2714\ufe0e<\/p>\n<p style=\"text-align: right;\"><strong>\u062a\u0635\u0645\u064a\u0645 \u0631\u064a\u0627\u0636\u064a \u0641\u0627\u0626\u0642 \u0627\u0644\u062a\u0637\u0648\u0631<\/strong> \u0644\u0644\u0631\u062c\u0644 \u0627\u0644\u0646\u0634\u064a\u0637 \u0627\u0644\u0630\u064a \u064a\u0633\u0639\u0649 \u0644\u0644\u0623\u0641\u0636\u0644 \u2714\ufe0e<\/p>\n<p style=\"text-align: right;\"><strong>\u0642\u0645\u0627\u0634 \u0641\u0627\u0626\u0642 \u0627\u0644\u062a\u0647\u0648\u064a\u0629 \u0645\u0639 \u062d\u0627\u062c\u0632 \u0645\u0636\u0627\u062f \u0644\u0644\u0631\u064a\u0627\u062d<\/strong> \u0644\u0645\u0648\u0627\u062c\u0647\u0629 \u0623\u0642\u0633\u0649 \u0627\u0644\u0638\u0631\u0648\u0641 \u0627\u0644\u062c\u0648\u064a\u0629 \u2714\ufe0e<\/p>\n<p style=\"text-align: right;\"><strong>\u062a\u0642\u0646\u064a\u0629 \u0627\u0645\u062a\u0635\u0627\u0635 \u0627\u0644\u0631\u0637\u0648\u0628\u0629 \u0627\u0644\u0645\u062a\u0642\u062f\u0645\u0629<\/strong> \u0644\u0644\u062d\u0641\u0627\u0638 \u0639\u0644\u0649 \u062c\u0641\u0627\u0641\u0643 \u0648\u0631\u0627\u062d\u062a\u0643 \u0623\u062b\u0646\u0627\u0621 \u0627\u0644\u062a\u062f\u0631\u064a\u0628 \u2714\ufe0e<\/p>\n<p style=\"text-align: right;\"><strong>\u062a\u0641\u0627\u0635\u064a\u0644 \u0639\u0627\u0643\u0633\u0629<\/strong> \u0644\u0632\u064a\u0627\u062f\u0629 \u0627\u0644\u0623\u0645\u0627\u0646 \u0648\u0627\u0644\u0631\u0624\u064a\u0629 \u0623\u062b\u0646\u0627\u0621 \u0627\u0644\u062c\u0631\u064a \u0641\u064a \u0627\u0644\u0638\u0644\u0627\u0645 \u2714\ufe0e<\/p>\n<p style=\"text-align: right;\"><strong>\u062c\u064a\u0648\u0628 \u0645\u062e\u0641\u064a\u0629 \u0628\u0633\u062d\u0627\u0628<\/strong> \u0644\u062d\u0645\u0644 \u0645\u0642\u062a\u0646\u064a\u0627\u062a\u0643 \u0627\u0644\u0623\u0633\u0627\u0633\u064a\u0629 \u0628\u0623\u0645\u0627\u0646 \u0648\u0633\u0647\u0648\u0644\u0629 \u2714\ufe0e<\/p>\n<p style=\"text-align: right;\">\ud83c\udfaf <strong>\u0645\u0632\u064a\u062c \u0645\u062b\u0627\u0644\u064a \u0628\u064a\u0646 \u0627\u0644\u0623\u0646\u0627\u0642\u0629 \u0648\u0627\u0644\u0639\u0645\u0644\u064a\u0629<\/strong> \u0644\u0623\u062f\u0627\u0621 \u0631\u064a\u0627\u0636\u064a \u0644\u0627 \u0645\u062b\u064a\u0644 \u0644\u0647 \u2714\ufe0e<\/p>\n","protected":false},"excerpt":{"rendered":"<p>La veste fonctionnelle Novant est une veste pour homme tr\u00e8s fonctionnelle de la marque danoise Endurance \ud83c\udde9\ud83c\uddf0. La veste est tr\u00e8s respirante et est con\u00e7ue avec une membrane coupe-vent qui vous permet de vous entra\u00eener m\u00eame les jours de pluie les plus froids car elle vous prot\u00e8ge des conditions m\u00e9t\u00e9orologiques difficiles. Elle est fabriqu\u00e9e dans [&hellip;]<\/p>\n","protected":false},"featured_media":2004,"template":"","meta":{"site-sidebar-layout":"default","site-content-layout":"","ast-site-content-layout":"normal-width-container","site-content-style":"default","site-sidebar-style":"default","ast-global-header-display":"","ast-banner-title-visibility":"","ast-main-header-display":"","ast-hfb-above-header-display":"","ast-hfb-below-header-display":"","ast-hfb-mobile-header-display":"","site-post-title":"","ast-breadcrumbs-content":"","ast-featured-img":"","footer-sml-layout":"","theme-transparent-header-meta":"default","adv-header-id-meta":"","stick-header-meta":"","header-above-stick-meta":"","header-main-stick-meta":"","header-below-stick-meta":"","astra-migrate-meta-layouts":"set","ast-page-background-enabled":"default","ast-page-background-meta":{"desktop":{"background-color":"var(--ast-global-color-4)","background-image":"","background-repeat":"repeat","background-position":"center center","background-size":"auto","background-attachment":"scroll","background-type":"","background-media":"","overlay-type":"","overlay-color":"","overlay-opacity":"","overlay-gradient":""},"tablet":{"background-color":"","background-image":"","background-repeat":"repeat","background-position":"center center","background-size":"auto","background-attachment":"scroll","background-type":"","background-media":"","overlay-type":"","overlay-color":"","overlay-opacity":"","overlay-gradient":""},"mobile":{"background-color":"","background-image":"","background-repeat":"repeat","background-position":"center center","background-size":"auto","background-attachment":"scroll","background-type":"","background-media":"","overlay-type":"","overlay-color":"","overlay-opacity":"","overlay-gradient":""}},"ast-content-background-meta":{"desktop":{"background-color":"var(--ast-global-color-5)","background-image":"","background-repeat":"repeat","background-position":"center center","background-size":"auto","background-attachment":"scroll","background-type":"","background-media":"","overlay-type":"","overlay-color":"","overlay-opacity":"","overlay-gradient":""},"tablet":{"background-color":"var(--ast-global-color-5)","background-image":"","background-repeat":"repeat","background-position":"center center","background-size":"auto","background-attachment":"scroll","background-type":"","background-media":"","overlay-type":"","overlay-color":"","overlay-opacity":"","overlay-gradient":""},"mobile":{"background-color":"var(--ast-global-color-5)","background-image":"","background-repeat":"repeat","background-position":"center center","background-size":"auto","background-attachment":"scroll","background-type":"","background-media":"","overlay-type":"","overlay-color":"","overlay-opacity":"","overlay-gradient":""}}},"product_brand":[],"product_cat":[41,40],"product_tag":[],"class_list":{"0":"post-1409","1":"product","2":"type-product","3":"status-publish","4":"has-post-thumbnail","6":"product_cat-homme","7":"product_cat-boutique","8":"desktop-align-center","9":"tablet-align-left","10":"mobile-align-left","12":"first","13":"instock","14":"sale","15":"shipping-taxable","16":"purchasable","17":"product-type-variable"},"yoast_head":"<!-- This site is optimized with the Yoast SEO plugin v26.4 - https:\/\/yoast.com\/wordpress\/plugins\/seo\/ -->\n<title>Novant M Functional Jacket - Endurance Algerie<\/title>\n<meta name=\"description\" content=\"La veste Novant est une veste pour homme tr\u00e8s fonctionnelle de la marque endurance. Elle est fabriqu\u00e9e dans un tissu am\u00e9liorant l&#039;\u00e9vacuation de l&#039;humidit\u00e9\" \/>\n<meta name=\"robots\" content=\"index, follow, max-snippet:-1, max-image-preview:large, max-video-preview:-1\" \/>\n<link rel=\"canonical\" href=\"https:\/\/endurance-dz.com\/index.php\/produit\/novant-m-functional-jacket\/\" \/>\n<meta property=\"og:locale\" content=\"fr_FR\" \/>\n<meta property=\"og:type\" content=\"article\" \/>\n<meta property=\"og:title\" content=\"Veste Novant Functional Endurance\" \/>\n<meta property=\"og:description\" content=\"La veste Novant est une veste pour homme tr\u00e8s fonctionnelle de la marque endurance. Elle est fabriqu\u00e9e dans un tissu am\u00e9liorant l&#039;\u00e9vacuation de l&#039;humidit\u00e9\" \/>\n<meta property=\"og:url\" content=\"https:\/\/endurance-dz.com\/index.php\/produit\/novant-m-functional-jacket\/\" \/>\n<meta property=\"og:site_name\" content=\"Endurance Algerie\" \/>\n<meta property=\"article:publisher\" content=\"https:\/\/www.facebook.com\/endurance.Sport.algerie\" \/>\n<meta property=\"article:modified_time\" content=\"2025-09-27T18:29:16+00:00\" \/>\n<meta property=\"og:image\" content=\"https:\/\/endurance-dz.com\/wp-content\/uploads\/2023\/12\/Novant-M-Functional-Jacket.webp\" \/>\n\t<meta property=\"og:image:width\" content=\"1200\" \/>\n\t<meta property=\"og:image:height\" content=\"1200\" \/>\n\t<meta property=\"og:image:type\" content=\"image\/webp\" \/>\n<meta name=\"twitter:card\" content=\"summary_large_image\" \/>\n<meta name=\"twitter:image\" content=\"https:\/\/endurance-dz.com\/wp-content\/uploads\/2023\/12\/Novant-M-Functional-Jacket.webp\" \/>\n<meta name=\"twitter:label1\" content=\"Dur\u00e9e de lecture estim\u00e9e\" \/>\n\t<meta name=\"twitter:data1\" content=\"2 minutes\" \/>\n<script type=\"application\/ld+json\" class=\"yoast-schema-graph\">{\"@context\":\"https:\/\/schema.org\",\"@graph\":[{\"@type\":\"WebPage\",\"@id\":\"https:\/\/endurance-dz.com\/index.php\/produit\/novant-m-functional-jacket\/\",\"url\":\"https:\/\/endurance-dz.com\/index.php\/produit\/novant-m-functional-jacket\/\",\"name\":\"Novant M Functional Jacket - Endurance Algerie\",\"isPartOf\":{\"@id\":\"https:\/\/endurance-dz.com\/#website\"},\"primaryImageOfPage\":{\"@id\":\"https:\/\/endurance-dz.com\/index.php\/produit\/novant-m-functional-jacket\/#primaryimage\"},\"image\":{\"@id\":\"https:\/\/endurance-dz.com\/index.php\/produit\/novant-m-functional-jacket\/#primaryimage\"},\"thumbnailUrl\":\"https:\/\/endurance-dz.com\/wp-content\/uploads\/2023\/12\/Novant-M-Functional-Jacket.webp\",\"datePublished\":\"2023-12-21T10:38:24+00:00\",\"dateModified\":\"2025-09-27T18:29:16+00:00\",\"description\":\"La veste Novant est une veste pour homme tr\u00e8s fonctionnelle de la marque endurance. Elle est fabriqu\u00e9e dans un tissu am\u00e9liorant l'\u00e9vacuation de l'humidit\u00e9\",\"breadcrumb\":{\"@id\":\"https:\/\/endurance-dz.com\/index.php\/produit\/novant-m-functional-jacket\/#breadcrumb\"},\"inLanguage\":\"fr-FR\",\"potentialAction\":[{\"@type\":\"ReadAction\",\"target\":[\"https:\/\/endurance-dz.com\/index.php\/produit\/novant-m-functional-jacket\/\"]}]},{\"@type\":\"ImageObject\",\"inLanguage\":\"fr-FR\",\"@id\":\"https:\/\/endurance-dz.com\/index.php\/produit\/novant-m-functional-jacket\/#primaryimage\",\"url\":\"https:\/\/endurance-dz.com\/wp-content\/uploads\/2023\/12\/Novant-M-Functional-Jacket.webp\",\"contentUrl\":\"https:\/\/endurance-dz.com\/wp-content\/uploads\/2023\/12\/Novant-M-Functional-Jacket.webp\",\"width\":1200,\"height\":1200},{\"@type\":\"BreadcrumbList\",\"@id\":\"https:\/\/endurance-dz.com\/index.php\/produit\/novant-m-functional-jacket\/#breadcrumb\",\"itemListElement\":[{\"@type\":\"ListItem\",\"position\":1,\"name\":\"Accueil\",\"item\":\"https:\/\/endurance-dz.com\/\"},{\"@type\":\"ListItem\",\"position\":2,\"name\":\"Shop\",\"item\":\"https:\/\/endurance-dz.com\/index.php\/shop\/\"},{\"@type\":\"ListItem\",\"position\":3,\"name\":\"Novant M Functional Jacket\"}]},{\"@type\":\"WebSite\",\"@id\":\"https:\/\/endurance-dz.com\/#website\",\"url\":\"https:\/\/endurance-dz.com\/\",\"name\":\"Endurance Algerie\",\"description\":\"\",\"publisher\":{\"@id\":\"https:\/\/endurance-dz.com\/#organization\"},\"potentialAction\":[{\"@type\":\"SearchAction\",\"target\":{\"@type\":\"EntryPoint\",\"urlTemplate\":\"https:\/\/endurance-dz.com\/?s={search_term_string}\"},\"query-input\":{\"@type\":\"PropertyValueSpecification\",\"valueRequired\":true,\"valueName\":\"search_term_string\"}}],\"inLanguage\":\"fr-FR\"},{\"@type\":\"Organization\",\"@id\":\"https:\/\/endurance-dz.com\/#organization\",\"name\":\"Endurance Algerie\",\"url\":\"https:\/\/endurance-dz.com\/\",\"logo\":{\"@type\":\"ImageObject\",\"inLanguage\":\"fr-FR\",\"@id\":\"https:\/\/endurance-dz.com\/#\/schema\/logo\/image\/\",\"url\":\"https:\/\/endurance-dz.com\/wp-content\/uploads\/2023\/11\/cropped-Endurance-icone-site-e1700606707992.png\",\"contentUrl\":\"https:\/\/endurance-dz.com\/wp-content\/uploads\/2023\/11\/cropped-Endurance-icone-site-e1700606707992.png\",\"width\":512,\"height\":512,\"caption\":\"Endurance Algerie\"},\"image\":{\"@id\":\"https:\/\/endurance-dz.com\/#\/schema\/logo\/image\/\"},\"sameAs\":[\"https:\/\/www.facebook.com\/endurance.Sport.algerie\"]}]}<\/script>\n<!-- \/ Yoast SEO plugin. -->","yoast_head_json":{"title":"Novant M Functional Jacket - Endurance Algerie","description":"La veste Novant est une veste pour homme tr\u00e8s fonctionnelle de la marque endurance. Elle est fabriqu\u00e9e dans un tissu am\u00e9liorant l'\u00e9vacuation de l'humidit\u00e9","robots":{"index":"index","follow":"follow","max-snippet":"max-snippet:-1","max-image-preview":"max-image-preview:large","max-video-preview":"max-video-preview:-1"},"canonical":"https:\/\/endurance-dz.com\/index.php\/produit\/novant-m-functional-jacket\/","og_locale":"fr_FR","og_type":"article","og_title":"Veste Novant Functional Endurance","og_description":"La veste Novant est une veste pour homme tr\u00e8s fonctionnelle de la marque endurance. Elle est fabriqu\u00e9e dans un tissu am\u00e9liorant l'\u00e9vacuation de l'humidit\u00e9","og_url":"https:\/\/endurance-dz.com\/index.php\/produit\/novant-m-functional-jacket\/","og_site_name":"Endurance Algerie","article_publisher":"https:\/\/www.facebook.com\/endurance.Sport.algerie","article_modified_time":"2025-09-27T18:29:16+00:00","og_image":[{"width":1200,"height":1200,"url":"https:\/\/endurance-dz.com\/wp-content\/uploads\/2023\/12\/Novant-M-Functional-Jacket.webp","type":"image\/webp"}],"twitter_card":"summary_large_image","twitter_image":"https:\/\/endurance-dz.com\/wp-content\/uploads\/2023\/12\/Novant-M-Functional-Jacket.webp","twitter_misc":{"Dur\u00e9e de lecture estim\u00e9e":"2 minutes"},"schema":{"@context":"https:\/\/schema.org","@graph":[{"@type":"WebPage","@id":"https:\/\/endurance-dz.com\/index.php\/produit\/novant-m-functional-jacket\/","url":"https:\/\/endurance-dz.com\/index.php\/produit\/novant-m-functional-jacket\/","name":"Novant M Functional Jacket - Endurance Algerie","isPartOf":{"@id":"https:\/\/endurance-dz.com\/#website"},"primaryImageOfPage":{"@id":"https:\/\/endurance-dz.com\/index.php\/produit\/novant-m-functional-jacket\/#primaryimage"},"image":{"@id":"https:\/\/endurance-dz.com\/index.php\/produit\/novant-m-functional-jacket\/#primaryimage"},"thumbnailUrl":"https:\/\/endurance-dz.com\/wp-content\/uploads\/2023\/12\/Novant-M-Functional-Jacket.webp","datePublished":"2023-12-21T10:38:24+00:00","dateModified":"2025-09-27T18:29:16+00:00","description":"La veste Novant est une veste pour homme tr\u00e8s fonctionnelle de la marque endurance. Elle est fabriqu\u00e9e dans un tissu am\u00e9liorant l'\u00e9vacuation de l'humidit\u00e9","breadcrumb":{"@id":"https:\/\/endurance-dz.com\/index.php\/produit\/novant-m-functional-jacket\/#breadcrumb"},"inLanguage":"fr-FR","potentialAction":[{"@type":"ReadAction","target":["https:\/\/endurance-dz.com\/index.php\/produit\/novant-m-functional-jacket\/"]}]},{"@type":"ImageObject","inLanguage":"fr-FR","@id":"https:\/\/endurance-dz.com\/index.php\/produit\/novant-m-functional-jacket\/#primaryimage","url":"https:\/\/endurance-dz.com\/wp-content\/uploads\/2023\/12\/Novant-M-Functional-Jacket.webp","contentUrl":"https:\/\/endurance-dz.com\/wp-content\/uploads\/2023\/12\/Novant-M-Functional-Jacket.webp","width":1200,"height":1200},{"@type":"BreadcrumbList","@id":"https:\/\/endurance-dz.com\/index.php\/produit\/novant-m-functional-jacket\/#breadcrumb","itemListElement":[{"@type":"ListItem","position":1,"name":"Accueil","item":"https:\/\/endurance-dz.com\/"},{"@type":"ListItem","position":2,"name":"Shop","item":"https:\/\/endurance-dz.com\/index.php\/shop\/"},{"@type":"ListItem","position":3,"name":"Novant M Functional Jacket"}]},{"@type":"WebSite","@id":"https:\/\/endurance-dz.com\/#website","url":"https:\/\/endurance-dz.com\/","name":"Endurance Algerie","description":"","publisher":{"@id":"https:\/\/endurance-dz.com\/#organization"},"potentialAction":[{"@type":"SearchAction","target":{"@type":"EntryPoint","urlTemplate":"https:\/\/endurance-dz.com\/?s={search_term_string}"},"query-input":{"@type":"PropertyValueSpecification","valueRequired":true,"valueName":"search_term_string"}}],"inLanguage":"fr-FR"},{"@type":"Organization","@id":"https:\/\/endurance-dz.com\/#organization","name":"Endurance Algerie","url":"https:\/\/endurance-dz.com\/","logo":{"@type":"ImageObject","inLanguage":"fr-FR","@id":"https:\/\/endurance-dz.com\/#\/schema\/logo\/image\/","url":"https:\/\/endurance-dz.com\/wp-content\/uploads\/2023\/11\/cropped-Endurance-icone-site-e1700606707992.png","contentUrl":"https:\/\/endurance-dz.com\/wp-content\/uploads\/2023\/11\/cropped-Endurance-icone-site-e1700606707992.png","width":512,"height":512,"caption":"Endurance Algerie"},"image":{"@id":"https:\/\/endurance-dz.com\/#\/schema\/logo\/image\/"},"sameAs":["https:\/\/www.facebook.com\/endurance.Sport.algerie"]}]}},"jetpack_sharing_enabled":true,"_links":{"self":[{"href":"https:\/\/endurance-dz.com\/index.php\/wp-json\/wp\/v2\/product\/1409","targetHints":{"allow":["GET"]}}],"collection":[{"href":"https:\/\/endurance-dz.com\/index.php\/wp-json\/wp\/v2\/product"}],"about":[{"href":"https:\/\/endurance-dz.com\/index.php\/wp-json\/wp\/v2\/types\/product"}],"version-history":[{"count":25,"href":"https:\/\/endurance-dz.com\/index.php\/wp-json\/wp\/v2\/product\/1409\/revisions"}],"predecessor-version":[{"id":2044,"href":"https:\/\/endurance-dz.com\/index.php\/wp-json\/wp\/v2\/product\/1409\/revisions\/2044"}],"wp:featuredmedia":[{"embeddable":true,"href":"https:\/\/endurance-dz.com\/index.php\/wp-json\/wp\/v2\/media\/2004"}],"wp:attachment":[{"href":"https:\/\/endurance-dz.com\/index.php\/wp-json\/wp\/v2\/media?parent=1409"}],"wp:term":[{"taxonomy":"product_brand","embeddable":true,"href":"https:\/\/endurance-dz.com\/index.php\/wp-json\/wp\/v2\/product_brand?post=1409"},{"taxonomy":"product_cat","embeddable":true,"href":"https:\/\/endurance-dz.com\/index.php\/wp-json\/wp\/v2\/product_cat?post=1409"},{"taxonomy":"product_tag","embeddable":true,"href":"https:\/\/endurance-dz.com\/index.php\/wp-json\/wp\/v2\/product_tag?post=1409"}],"curies":[{"name":"wp","href":"https:\/\/api.w.org\/{rel}","templated":true}]}}