{"id":1246,"date":"2023-11-23T15:59:11","date_gmt":"2023-11-23T14:59:11","guid":{"rendered":"https:\/\/endurance-dz.com\/?post_type=product&#038;p=1246"},"modified":"2025-09-21T09:56:20","modified_gmt":"2025-09-21T08:56:20","slug":"training-jacket","status":"publish","type":"product","link":"https:\/\/endurance-dz.com\/index.php\/produit\/training-jacket\/","title":{"rendered":"Training jacket Endurance"},"content":{"rendered":"<p>La veste \u00ab\u00a0Lessend\u00a0\u00bb pour hommes est une veste fonctionnelle et l\u00e9g\u00e8re. Elle est particuli\u00e8rement respirante, l\u00e9g\u00e8re et offre une protection id\u00e9ale pour courir par temps frais. La coupe masculine d\u00e9finie et les d\u00e9tails coordonn\u00e9s font battre plus fort le c\u0153ur des sportifs soucieux de la mode ! De plus, la veste s\u00e8che rapidement et est dot\u00e9e d&rsquo;un syst\u00e8me innovant d&rsquo;\u00e9vacuation de l&rsquo;humidit\u00e9. Les \u00e9l\u00e9ments r\u00e9fl\u00e9chissants \u00e0 360 degr\u00e9s te garantissent la s\u00e9curit\u00e9 sur la route. Ils t&rsquo;accompagnent en toute s\u00e9curit\u00e9 sur ton chemin dans l&rsquo;obscurit\u00e9. La veste de course est \u00e9galement dot\u00e9e d&rsquo;un col montant confortable, d&rsquo;une protection du menton et d&rsquo;une fermeture \u00e9clair de qualit\u00e9 YKK. Les deux poches de la veste se ferment avec une fermeture \u00e9clair et offrent un espace de rangement. La veste de course \u00ab\u00a0Lessend\u00a0\u00bb d&rsquo;Endurance est styl\u00e9e, parfaitement ajust\u00e9e et bien pens\u00e9e pour de nombreux sports &#8211; en particulier pour la course \u00e0 pied, le fitness et le v\u00e9lo !<br \/>\nMat\u00e9riau : 100 % polyester<\/p>\n","protected":false},"excerpt":{"rendered":"<p>La veste \u00ab\u00a0Lessend\u00a0\u00bb pour hommes est une veste fonctionnelle et l\u00e9g\u00e8re. Elle est particuli\u00e8rement respirante, l\u00e9g\u00e8re et offre une protection id\u00e9ale pour courir par temps frais. La coupe masculine d\u00e9finie et les d\u00e9tails coordonn\u00e9s font battre plus fort le c\u0153ur des sportifs soucieux de la mode ! De plus, la veste s\u00e8che rapidement et est [&hellip;]<\/p>\n","protected":false},"featured_media":2191,"template":"","meta":{"site-sidebar-layout":"default","site-content-layout":"","ast-site-content-layout":"default","site-content-style":"default","site-sidebar-style":"default","ast-global-header-display":"","ast-banner-title-visibility":"","ast-main-header-display":"","ast-hfb-above-header-display":"","ast-hfb-below-header-display":"","ast-hfb-mobile-header-display":"","site-post-title":"","ast-breadcrumbs-content":"","ast-featured-img":"","footer-sml-layout":"","theme-transparent-header-meta":"default","adv-header-id-meta":"","stick-header-meta":"","header-above-stick-meta":"","header-main-stick-meta":"","header-below-stick-meta":"","astra-migrate-meta-layouts":"set","ast-page-background-enabled":"default","ast-page-background-meta":{"desktop":{"background-color":"var(--ast-global-color-4)","background-image":"","background-repeat":"repeat","background-position":"center center","background-size":"auto","background-attachment":"scroll","background-type":"","background-media":"","overlay-type":"","overlay-color":"","overlay-opacity":"","overlay-gradient":""},"tablet":{"background-color":"","background-image":"","background-repeat":"repeat","background-position":"center center","background-size":"auto","background-attachment":"scroll","background-type":"","background-media":"","overlay-type":"","overlay-color":"","overlay-opacity":"","overlay-gradient":""},"mobile":{"background-color":"","background-image":"","background-repeat":"repeat","background-position":"center center","background-size":"auto","background-attachment":"scroll","background-type":"","background-media":"","overlay-type":"","overlay-color":"","overlay-opacity":"","overlay-gradient":""}},"ast-content-background-meta":{"desktop":{"background-color":"var(--ast-global-color-5)","background-image":"","background-repeat":"repeat","background-position":"center center","background-size":"auto","background-attachment":"scroll","background-type":"","background-media":"","overlay-type":"","overlay-color":"","overlay-opacity":"","overlay-gradient":""},"tablet":{"background-color":"var(--ast-global-color-5)","background-image":"","background-repeat":"repeat","background-position":"center center","background-size":"auto","background-attachment":"scroll","background-type":"","background-media":"","overlay-type":"","overlay-color":"","overlay-opacity":"","overlay-gradient":""},"mobile":{"background-color":"var(--ast-global-color-5)","background-image":"","background-repeat":"repeat","background-position":"center center","background-size":"auto","background-attachment":"scroll","background-type":"","background-media":"","overlay-type":"","overlay-color":"","overlay-opacity":"","overlay-gradient":""}}},"product_brand":[],"product_cat":[41,40],"product_tag":[],"class_list":{"0":"post-1246","1":"product","2":"type-product","3":"status-publish","4":"has-post-thumbnail","6":"product_cat-homme","7":"product_cat-boutique","8":"desktop-align-center","9":"tablet-align-left","10":"mobile-align-left","12":"first","13":"instock","14":"sale","15":"shipping-taxable","16":"purchasable","17":"product-type-variable"},"yoast_head":"<!-- This site is optimized with the Yoast SEO plugin v26.4 - https:\/\/yoast.com\/wordpress\/plugins\/seo\/ -->\n<title>Training jacket Endurance - Endurance Algerie<\/title>\n<meta name=\"robots\" content=\"index, follow, max-snippet:-1, max-image-preview:large, max-video-preview:-1\" \/>\n<link rel=\"canonical\" href=\"https:\/\/endurance-dz.com\/index.php\/produit\/training-jacket\/\" \/>\n<meta property=\"og:locale\" content=\"fr_FR\" \/>\n<meta property=\"og:type\" content=\"article\" \/>\n<meta property=\"og:title\" content=\"Training jacket Endurance - Endurance Algerie\" \/>\n<meta property=\"og:description\" content=\"La veste \u00ab\u00a0Lessend\u00a0\u00bb pour hommes est une veste fonctionnelle et l\u00e9g\u00e8re. Elle est particuli\u00e8rement respirante, l\u00e9g\u00e8re et offre une protection id\u00e9ale pour courir par temps frais. La coupe masculine d\u00e9finie et les d\u00e9tails coordonn\u00e9s font battre plus fort le c\u0153ur des sportifs soucieux de la mode ! De plus, la veste s\u00e8che rapidement et est [&hellip;]\" \/>\n<meta property=\"og:url\" content=\"https:\/\/endurance-dz.com\/index.php\/produit\/training-jacket\/\" \/>\n<meta property=\"og:site_name\" content=\"Endurance Algerie\" \/>\n<meta property=\"article:publisher\" content=\"https:\/\/www.facebook.com\/endurance.Sport.algerie\" \/>\n<meta property=\"article:modified_time\" content=\"2025-09-21T08:56:20+00:00\" \/>\n<meta property=\"og:image\" content=\"https:\/\/endurance-dz.com\/wp-content\/uploads\/2023\/11\/26.jpg\" \/>\n\t<meta property=\"og:image:width\" content=\"1200\" \/>\n\t<meta property=\"og:image:height\" content=\"1200\" \/>\n\t<meta property=\"og:image:type\" content=\"image\/jpeg\" \/>\n<meta name=\"twitter:card\" content=\"summary_large_image\" \/>\n<meta name=\"twitter:label1\" content=\"Dur\u00e9e de lecture estim\u00e9e\" \/>\n\t<meta name=\"twitter:data1\" content=\"2 minutes\" \/>\n<script type=\"application\/ld+json\" class=\"yoast-schema-graph\">{\"@context\":\"https:\/\/schema.org\",\"@graph\":[{\"@type\":\"WebPage\",\"@id\":\"https:\/\/endurance-dz.com\/index.php\/produit\/training-jacket\/\",\"url\":\"https:\/\/endurance-dz.com\/index.php\/produit\/training-jacket\/\",\"name\":\"Training jacket Endurance - Endurance Algerie\",\"isPartOf\":{\"@id\":\"https:\/\/endurance-dz.com\/#website\"},\"primaryImageOfPage\":{\"@id\":\"https:\/\/endurance-dz.com\/index.php\/produit\/training-jacket\/#primaryimage\"},\"image\":{\"@id\":\"https:\/\/endurance-dz.com\/index.php\/produit\/training-jacket\/#primaryimage\"},\"thumbnailUrl\":\"https:\/\/endurance-dz.com\/wp-content\/uploads\/2023\/11\/26.jpg\",\"datePublished\":\"2023-11-23T14:59:11+00:00\",\"dateModified\":\"2025-09-21T08:56:20+00:00\",\"breadcrumb\":{\"@id\":\"https:\/\/endurance-dz.com\/index.php\/produit\/training-jacket\/#breadcrumb\"},\"inLanguage\":\"fr-FR\",\"potentialAction\":[{\"@type\":\"ReadAction\",\"target\":[\"https:\/\/endurance-dz.com\/index.php\/produit\/training-jacket\/\"]}]},{\"@type\":\"ImageObject\",\"inLanguage\":\"fr-FR\",\"@id\":\"https:\/\/endurance-dz.com\/index.php\/produit\/training-jacket\/#primaryimage\",\"url\":\"https:\/\/endurance-dz.com\/wp-content\/uploads\/2023\/11\/26.jpg\",\"contentUrl\":\"https:\/\/endurance-dz.com\/wp-content\/uploads\/2023\/11\/26.jpg\",\"width\":1200,\"height\":1200},{\"@type\":\"BreadcrumbList\",\"@id\":\"https:\/\/endurance-dz.com\/index.php\/produit\/training-jacket\/#breadcrumb\",\"itemListElement\":[{\"@type\":\"ListItem\",\"position\":1,\"name\":\"Accueil\",\"item\":\"https:\/\/endurance-dz.com\/\"},{\"@type\":\"ListItem\",\"position\":2,\"name\":\"Shop\",\"item\":\"https:\/\/endurance-dz.com\/index.php\/shop\/\"},{\"@type\":\"ListItem\",\"position\":3,\"name\":\"Training jacket Endurance\"}]},{\"@type\":\"WebSite\",\"@id\":\"https:\/\/endurance-dz.com\/#website\",\"url\":\"https:\/\/endurance-dz.com\/\",\"name\":\"Endurance Algerie\",\"description\":\"\",\"publisher\":{\"@id\":\"https:\/\/endurance-dz.com\/#organization\"},\"potentialAction\":[{\"@type\":\"SearchAction\",\"target\":{\"@type\":\"EntryPoint\",\"urlTemplate\":\"https:\/\/endurance-dz.com\/?s={search_term_string}\"},\"query-input\":{\"@type\":\"PropertyValueSpecification\",\"valueRequired\":true,\"valueName\":\"search_term_string\"}}],\"inLanguage\":\"fr-FR\"},{\"@type\":\"Organization\",\"@id\":\"https:\/\/endurance-dz.com\/#organization\",\"name\":\"Endurance Algerie\",\"url\":\"https:\/\/endurance-dz.com\/\",\"logo\":{\"@type\":\"ImageObject\",\"inLanguage\":\"fr-FR\",\"@id\":\"https:\/\/endurance-dz.com\/#\/schema\/logo\/image\/\",\"url\":\"https:\/\/endurance-dz.com\/wp-content\/uploads\/2023\/11\/cropped-Endurance-icone-site-e1700606707992.png\",\"contentUrl\":\"https:\/\/endurance-dz.com\/wp-content\/uploads\/2023\/11\/cropped-Endurance-icone-site-e1700606707992.png\",\"width\":512,\"height\":512,\"caption\":\"Endurance Algerie\"},\"image\":{\"@id\":\"https:\/\/endurance-dz.com\/#\/schema\/logo\/image\/\"},\"sameAs\":[\"https:\/\/www.facebook.com\/endurance.Sport.algerie\"]}]}<\/script>\n<!-- \/ Yoast SEO plugin. -->","yoast_head_json":{"title":"Training jacket Endurance - Endurance Algerie","robots":{"index":"index","follow":"follow","max-snippet":"max-snippet:-1","max-image-preview":"max-image-preview:large","max-video-preview":"max-video-preview:-1"},"canonical":"https:\/\/endurance-dz.com\/index.php\/produit\/training-jacket\/","og_locale":"fr_FR","og_type":"article","og_title":"Training jacket Endurance - Endurance Algerie","og_description":"La veste \u00ab\u00a0Lessend\u00a0\u00bb pour hommes est une veste fonctionnelle et l\u00e9g\u00e8re. Elle est particuli\u00e8rement respirante, l\u00e9g\u00e8re et offre une protection id\u00e9ale pour courir par temps frais. La coupe masculine d\u00e9finie et les d\u00e9tails coordonn\u00e9s font battre plus fort le c\u0153ur des sportifs soucieux de la mode ! De plus, la veste s\u00e8che rapidement et est [&hellip;]","og_url":"https:\/\/endurance-dz.com\/index.php\/produit\/training-jacket\/","og_site_name":"Endurance Algerie","article_publisher":"https:\/\/www.facebook.com\/endurance.Sport.algerie","article_modified_time":"2025-09-21T08:56:20+00:00","og_image":[{"width":1200,"height":1200,"url":"https:\/\/endurance-dz.com\/wp-content\/uploads\/2023\/11\/26.jpg","type":"image\/jpeg"}],"twitter_card":"summary_large_image","twitter_misc":{"Dur\u00e9e de lecture estim\u00e9e":"2 minutes"},"schema":{"@context":"https:\/\/schema.org","@graph":[{"@type":"WebPage","@id":"https:\/\/endurance-dz.com\/index.php\/produit\/training-jacket\/","url":"https:\/\/endurance-dz.com\/index.php\/produit\/training-jacket\/","name":"Training jacket Endurance - Endurance Algerie","isPartOf":{"@id":"https:\/\/endurance-dz.com\/#website"},"primaryImageOfPage":{"@id":"https:\/\/endurance-dz.com\/index.php\/produit\/training-jacket\/#primaryimage"},"image":{"@id":"https:\/\/endurance-dz.com\/index.php\/produit\/training-jacket\/#primaryimage"},"thumbnailUrl":"https:\/\/endurance-dz.com\/wp-content\/uploads\/2023\/11\/26.jpg","datePublished":"2023-11-23T14:59:11+00:00","dateModified":"2025-09-21T08:56:20+00:00","breadcrumb":{"@id":"https:\/\/endurance-dz.com\/index.php\/produit\/training-jacket\/#breadcrumb"},"inLanguage":"fr-FR","potentialAction":[{"@type":"ReadAction","target":["https:\/\/endurance-dz.com\/index.php\/produit\/training-jacket\/"]}]},{"@type":"ImageObject","inLanguage":"fr-FR","@id":"https:\/\/endurance-dz.com\/index.php\/produit\/training-jacket\/#primaryimage","url":"https:\/\/endurance-dz.com\/wp-content\/uploads\/2023\/11\/26.jpg","contentUrl":"https:\/\/endurance-dz.com\/wp-content\/uploads\/2023\/11\/26.jpg","width":1200,"height":1200},{"@type":"BreadcrumbList","@id":"https:\/\/endurance-dz.com\/index.php\/produit\/training-jacket\/#breadcrumb","itemListElement":[{"@type":"ListItem","position":1,"name":"Accueil","item":"https:\/\/endurance-dz.com\/"},{"@type":"ListItem","position":2,"name":"Shop","item":"https:\/\/endurance-dz.com\/index.php\/shop\/"},{"@type":"ListItem","position":3,"name":"Training jacket Endurance"}]},{"@type":"WebSite","@id":"https:\/\/endurance-dz.com\/#website","url":"https:\/\/endurance-dz.com\/","name":"Endurance Algerie","description":"","publisher":{"@id":"https:\/\/endurance-dz.com\/#organization"},"potentialAction":[{"@type":"SearchAction","target":{"@type":"EntryPoint","urlTemplate":"https:\/\/endurance-dz.com\/?s={search_term_string}"},"query-input":{"@type":"PropertyValueSpecification","valueRequired":true,"valueName":"search_term_string"}}],"inLanguage":"fr-FR"},{"@type":"Organization","@id":"https:\/\/endurance-dz.com\/#organization","name":"Endurance Algerie","url":"https:\/\/endurance-dz.com\/","logo":{"@type":"ImageObject","inLanguage":"fr-FR","@id":"https:\/\/endurance-dz.com\/#\/schema\/logo\/image\/","url":"https:\/\/endurance-dz.com\/wp-content\/uploads\/2023\/11\/cropped-Endurance-icone-site-e1700606707992.png","contentUrl":"https:\/\/endurance-dz.com\/wp-content\/uploads\/2023\/11\/cropped-Endurance-icone-site-e1700606707992.png","width":512,"height":512,"caption":"Endurance Algerie"},"image":{"@id":"https:\/\/endurance-dz.com\/#\/schema\/logo\/image\/"},"sameAs":["https:\/\/www.facebook.com\/endurance.Sport.algerie"]}]}},"jetpack_sharing_enabled":true,"_links":{"self":[{"href":"https:\/\/endurance-dz.com\/index.php\/wp-json\/wp\/v2\/product\/1246","targetHints":{"allow":["GET"]}}],"collection":[{"href":"https:\/\/endurance-dz.com\/index.php\/wp-json\/wp\/v2\/product"}],"about":[{"href":"https:\/\/endurance-dz.com\/index.php\/wp-json\/wp\/v2\/types\/product"}],"version-history":[{"count":4,"href":"https:\/\/endurance-dz.com\/index.php\/wp-json\/wp\/v2\/product\/1246\/revisions"}],"predecessor-version":[{"id":2275,"href":"https:\/\/endurance-dz.com\/index.php\/wp-json\/wp\/v2\/product\/1246\/revisions\/2275"}],"wp:featuredmedia":[{"embeddable":true,"href":"https:\/\/endurance-dz.com\/index.php\/wp-json\/wp\/v2\/media\/2191"}],"wp:attachment":[{"href":"https:\/\/endurance-dz.com\/index.php\/wp-json\/wp\/v2\/media?parent=1246"}],"wp:term":[{"taxonomy":"product_brand","embeddable":true,"href":"https:\/\/endurance-dz.com\/index.php\/wp-json\/wp\/v2\/product_brand?post=1246"},{"taxonomy":"product_cat","embeddable":true,"href":"https:\/\/endurance-dz.com\/index.php\/wp-json\/wp\/v2\/product_cat?post=1246"},{"taxonomy":"product_tag","embeddable":true,"href":"https:\/\/endurance-dz.com\/index.php\/wp-json\/wp\/v2\/product_tag?post=1246"}],"curies":[{"name":"wp","href":"https:\/\/api.w.org\/{rel}","templated":true}]}}