{"id":1216,"date":"2023-11-23T15:28:33","date_gmt":"2023-11-23T14:28:33","guid":{"rendered":"https:\/\/endurance-dz.com\/?post_type=product&#038;p=1216"},"modified":"2025-09-23T11:58:17","modified_gmt":"2025-09-23T10:58:17","slug":"running-jacket","status":"publish","type":"product","link":"https:\/\/endurance-dz.com\/index.php\/produit\/running-jacket\/","title":{"rendered":"Running jacket"},"content":{"rendered":"<p><strong>Convient pour :<\/strong><\/p>\n<p><i class=\"icon men\" data-codecept=\"men-icon\" aria-hidden=\"true\"><\/i>\u00a0Utilisation recommand\u00e9e : \u00a0fitness, loisirs, voyages, course \u00e0 pied<\/p>\n<p>Mati\u00e8re principale:\u00a0100% polyester<\/p>\n<p>Mat\u00e9riau int\u00e9rieur :\u00a0100% polyester<\/p>\n<p>Type de mat\u00e9riau:\u00a0fibre synth\u00e9tique<\/p>\n<p>Propri\u00e9t\u00e9s du tissu :\u00a0respirant, coupe-vent<\/p>\n<p>Fermeture:\u00a0fermeture \u00e9clair frontale \u00e0 double sens sur toute la longueur, avec prot\u00e8ge-menton<\/p>\n<p>Capot:\u00a0r\u00e9glable<\/p>\n<p>Poches :\u00a02 poches avant zipp\u00e9es<\/p>\n<p>Ajuster:\u00a0r\u00e9gulier<\/p>\n<p>Suppl\u00e9ments :\u00a0d\u00e9tails r\u00e9fl\u00e9chissants<\/p>\n<p>Num\u00e9ro d&rsquo;article:\u00a0028-0281<\/p>\n","protected":false},"excerpt":{"rendered":"<p>Convient pour : \u00a0Utilisation recommand\u00e9e : \u00a0fitness, loisirs, voyages, course \u00e0 pied Mati\u00e8re principale:\u00a0100% polyester Mat\u00e9riau int\u00e9rieur :\u00a0100% polyester Type de mat\u00e9riau:\u00a0fibre synth\u00e9tique Propri\u00e9t\u00e9s du tissu :\u00a0respirant, coupe-vent Fermeture:\u00a0fermeture \u00e9clair frontale \u00e0 double sens sur toute la longueur, avec prot\u00e8ge-menton Capot:\u00a0r\u00e9glable Poches :\u00a02 poches avant zipp\u00e9es Ajuster:\u00a0r\u00e9gulier Suppl\u00e9ments :\u00a0d\u00e9tails r\u00e9fl\u00e9chissants Num\u00e9ro d&rsquo;article:\u00a0028-0281<\/p>\n","protected":false},"featured_media":1987,"template":"","meta":{"site-sidebar-layout":"default","site-content-layout":"","ast-site-content-layout":"default","site-content-style":"default","site-sidebar-style":"default","ast-global-header-display":"","ast-banner-title-visibility":"","ast-main-header-display":"","ast-hfb-above-header-display":"","ast-hfb-below-header-display":"","ast-hfb-mobile-header-display":"","site-post-title":"","ast-breadcrumbs-content":"","ast-featured-img":"","footer-sml-layout":"","theme-transparent-header-meta":"default","adv-header-id-meta":"","stick-header-meta":"","header-above-stick-meta":"","header-main-stick-meta":"","header-below-stick-meta":"","astra-migrate-meta-layouts":"set","ast-page-background-enabled":"default","ast-page-background-meta":{"desktop":{"background-color":"var(--ast-global-color-4)","background-image":"","background-repeat":"repeat","background-position":"center center","background-size":"auto","background-attachment":"scroll","background-type":"","background-media":"","overlay-type":"","overlay-color":"","overlay-opacity":"","overlay-gradient":""},"tablet":{"background-color":"","background-image":"","background-repeat":"repeat","background-position":"center center","background-size":"auto","background-attachment":"scroll","background-type":"","background-media":"","overlay-type":"","overlay-color":"","overlay-opacity":"","overlay-gradient":""},"mobile":{"background-color":"","background-image":"","background-repeat":"repeat","background-position":"center center","background-size":"auto","background-attachment":"scroll","background-type":"","background-media":"","overlay-type":"","overlay-color":"","overlay-opacity":"","overlay-gradient":""}},"ast-content-background-meta":{"desktop":{"background-color":"var(--ast-global-color-5)","background-image":"","background-repeat":"repeat","background-position":"center center","background-size":"auto","background-attachment":"scroll","background-type":"","background-media":"","overlay-type":"","overlay-color":"","overlay-opacity":"","overlay-gradient":""},"tablet":{"background-color":"var(--ast-global-color-5)","background-image":"","background-repeat":"repeat","background-position":"center center","background-size":"auto","background-attachment":"scroll","background-type":"","background-media":"","overlay-type":"","overlay-color":"","overlay-opacity":"","overlay-gradient":""},"mobile":{"background-color":"var(--ast-global-color-5)","background-image":"","background-repeat":"repeat","background-position":"center center","background-size":"auto","background-attachment":"scroll","background-type":"","background-media":"","overlay-type":"","overlay-color":"","overlay-opacity":"","overlay-gradient":""}}},"product_brand":[],"product_cat":[41,40],"product_tag":[],"class_list":{"0":"post-1216","1":"product","2":"type-product","3":"status-publish","4":"has-post-thumbnail","6":"product_cat-homme","7":"product_cat-boutique","8":"desktop-align-center","9":"tablet-align-left","10":"mobile-align-left","12":"first","13":"instock","14":"sale","15":"shipping-taxable","16":"purchasable","17":"product-type-variable"},"yoast_head":"<!-- This site is optimized with the Yoast SEO plugin v26.4 - https:\/\/yoast.com\/wordpress\/plugins\/seo\/ -->\n<title>Running jacket - Endurance Algerie<\/title>\n<meta name=\"robots\" content=\"index, follow, max-snippet:-1, max-image-preview:large, max-video-preview:-1\" \/>\n<link rel=\"canonical\" href=\"https:\/\/endurance-dz.com\/index.php\/produit\/running-jacket\/\" \/>\n<meta property=\"og:locale\" content=\"fr_FR\" \/>\n<meta property=\"og:type\" content=\"article\" \/>\n<meta property=\"og:title\" content=\"Running jacket - Endurance Algerie\" \/>\n<meta property=\"og:description\" content=\"Convient pour : \u00a0Utilisation recommand\u00e9e : \u00a0fitness, loisirs, voyages, course \u00e0 pied Mati\u00e8re principale:\u00a0100% polyester Mat\u00e9riau int\u00e9rieur :\u00a0100% polyester Type de mat\u00e9riau:\u00a0fibre synth\u00e9tique Propri\u00e9t\u00e9s du tissu :\u00a0respirant, coupe-vent Fermeture:\u00a0fermeture \u00e9clair frontale \u00e0 double sens sur toute la longueur, avec prot\u00e8ge-menton Capot:\u00a0r\u00e9glable Poches :\u00a02 poches avant zipp\u00e9es Ajuster:\u00a0r\u00e9gulier Suppl\u00e9ments :\u00a0d\u00e9tails r\u00e9fl\u00e9chissants Num\u00e9ro d&rsquo;article:\u00a0028-0281\" \/>\n<meta property=\"og:url\" content=\"https:\/\/endurance-dz.com\/index.php\/produit\/running-jacket\/\" \/>\n<meta property=\"og:site_name\" content=\"Endurance Algerie\" \/>\n<meta property=\"article:publisher\" content=\"https:\/\/www.facebook.com\/endurance.Sport.algerie\" \/>\n<meta property=\"article:modified_time\" content=\"2025-09-23T10:58:17+00:00\" \/>\n<meta property=\"og:image\" content=\"https:\/\/endurance-dz.com\/wp-content\/uploads\/2023\/11\/Running-jacket-e1731423736771.webp\" \/>\n\t<meta property=\"og:image:width\" content=\"1200\" \/>\n\t<meta property=\"og:image:height\" content=\"1200\" \/>\n\t<meta property=\"og:image:type\" content=\"image\/webp\" \/>\n<meta name=\"twitter:card\" content=\"summary_large_image\" \/>\n<meta name=\"twitter:label1\" content=\"Dur\u00e9e de lecture estim\u00e9e\" \/>\n\t<meta name=\"twitter:data1\" content=\"1 minute\" \/>\n<script type=\"application\/ld+json\" class=\"yoast-schema-graph\">{\"@context\":\"https:\/\/schema.org\",\"@graph\":[{\"@type\":\"WebPage\",\"@id\":\"https:\/\/endurance-dz.com\/index.php\/produit\/running-jacket\/\",\"url\":\"https:\/\/endurance-dz.com\/index.php\/produit\/running-jacket\/\",\"name\":\"Running jacket - Endurance Algerie\",\"isPartOf\":{\"@id\":\"https:\/\/endurance-dz.com\/#website\"},\"primaryImageOfPage\":{\"@id\":\"https:\/\/endurance-dz.com\/index.php\/produit\/running-jacket\/#primaryimage\"},\"image\":{\"@id\":\"https:\/\/endurance-dz.com\/index.php\/produit\/running-jacket\/#primaryimage\"},\"thumbnailUrl\":\"https:\/\/endurance-dz.com\/wp-content\/uploads\/2023\/11\/Running-jacket-e1731423736771.webp\",\"datePublished\":\"2023-11-23T14:28:33+00:00\",\"dateModified\":\"2025-09-23T10:58:17+00:00\",\"breadcrumb\":{\"@id\":\"https:\/\/endurance-dz.com\/index.php\/produit\/running-jacket\/#breadcrumb\"},\"inLanguage\":\"fr-FR\",\"potentialAction\":[{\"@type\":\"ReadAction\",\"target\":[\"https:\/\/endurance-dz.com\/index.php\/produit\/running-jacket\/\"]}]},{\"@type\":\"ImageObject\",\"inLanguage\":\"fr-FR\",\"@id\":\"https:\/\/endurance-dz.com\/index.php\/produit\/running-jacket\/#primaryimage\",\"url\":\"https:\/\/endurance-dz.com\/wp-content\/uploads\/2023\/11\/Running-jacket-e1731423736771.webp\",\"contentUrl\":\"https:\/\/endurance-dz.com\/wp-content\/uploads\/2023\/11\/Running-jacket-e1731423736771.webp\",\"width\":1200,\"height\":1200},{\"@type\":\"BreadcrumbList\",\"@id\":\"https:\/\/endurance-dz.com\/index.php\/produit\/running-jacket\/#breadcrumb\",\"itemListElement\":[{\"@type\":\"ListItem\",\"position\":1,\"name\":\"Accueil\",\"item\":\"https:\/\/endurance-dz.com\/\"},{\"@type\":\"ListItem\",\"position\":2,\"name\":\"Shop\",\"item\":\"https:\/\/endurance-dz.com\/index.php\/shop\/\"},{\"@type\":\"ListItem\",\"position\":3,\"name\":\"Running jacket\"}]},{\"@type\":\"WebSite\",\"@id\":\"https:\/\/endurance-dz.com\/#website\",\"url\":\"https:\/\/endurance-dz.com\/\",\"name\":\"Endurance Algerie\",\"description\":\"\",\"publisher\":{\"@id\":\"https:\/\/endurance-dz.com\/#organization\"},\"potentialAction\":[{\"@type\":\"SearchAction\",\"target\":{\"@type\":\"EntryPoint\",\"urlTemplate\":\"https:\/\/endurance-dz.com\/?s={search_term_string}\"},\"query-input\":{\"@type\":\"PropertyValueSpecification\",\"valueRequired\":true,\"valueName\":\"search_term_string\"}}],\"inLanguage\":\"fr-FR\"},{\"@type\":\"Organization\",\"@id\":\"https:\/\/endurance-dz.com\/#organization\",\"name\":\"Endurance Algerie\",\"url\":\"https:\/\/endurance-dz.com\/\",\"logo\":{\"@type\":\"ImageObject\",\"inLanguage\":\"fr-FR\",\"@id\":\"https:\/\/endurance-dz.com\/#\/schema\/logo\/image\/\",\"url\":\"https:\/\/endurance-dz.com\/wp-content\/uploads\/2023\/11\/cropped-Endurance-icone-site-e1700606707992.png\",\"contentUrl\":\"https:\/\/endurance-dz.com\/wp-content\/uploads\/2023\/11\/cropped-Endurance-icone-site-e1700606707992.png\",\"width\":512,\"height\":512,\"caption\":\"Endurance Algerie\"},\"image\":{\"@id\":\"https:\/\/endurance-dz.com\/#\/schema\/logo\/image\/\"},\"sameAs\":[\"https:\/\/www.facebook.com\/endurance.Sport.algerie\"]}]}<\/script>\n<!-- \/ Yoast SEO plugin. -->","yoast_head_json":{"title":"Running jacket - Endurance Algerie","robots":{"index":"index","follow":"follow","max-snippet":"max-snippet:-1","max-image-preview":"max-image-preview:large","max-video-preview":"max-video-preview:-1"},"canonical":"https:\/\/endurance-dz.com\/index.php\/produit\/running-jacket\/","og_locale":"fr_FR","og_type":"article","og_title":"Running jacket - Endurance Algerie","og_description":"Convient pour : \u00a0Utilisation recommand\u00e9e : \u00a0fitness, loisirs, voyages, course \u00e0 pied Mati\u00e8re principale:\u00a0100% polyester Mat\u00e9riau int\u00e9rieur :\u00a0100% polyester Type de mat\u00e9riau:\u00a0fibre synth\u00e9tique Propri\u00e9t\u00e9s du tissu :\u00a0respirant, coupe-vent Fermeture:\u00a0fermeture \u00e9clair frontale \u00e0 double sens sur toute la longueur, avec prot\u00e8ge-menton Capot:\u00a0r\u00e9glable Poches :\u00a02 poches avant zipp\u00e9es Ajuster:\u00a0r\u00e9gulier Suppl\u00e9ments :\u00a0d\u00e9tails r\u00e9fl\u00e9chissants Num\u00e9ro d&rsquo;article:\u00a0028-0281","og_url":"https:\/\/endurance-dz.com\/index.php\/produit\/running-jacket\/","og_site_name":"Endurance Algerie","article_publisher":"https:\/\/www.facebook.com\/endurance.Sport.algerie","article_modified_time":"2025-09-23T10:58:17+00:00","og_image":[{"width":1200,"height":1200,"url":"https:\/\/endurance-dz.com\/wp-content\/uploads\/2023\/11\/Running-jacket-e1731423736771.webp","type":"image\/webp"}],"twitter_card":"summary_large_image","twitter_misc":{"Dur\u00e9e de lecture estim\u00e9e":"1 minute"},"schema":{"@context":"https:\/\/schema.org","@graph":[{"@type":"WebPage","@id":"https:\/\/endurance-dz.com\/index.php\/produit\/running-jacket\/","url":"https:\/\/endurance-dz.com\/index.php\/produit\/running-jacket\/","name":"Running jacket - Endurance Algerie","isPartOf":{"@id":"https:\/\/endurance-dz.com\/#website"},"primaryImageOfPage":{"@id":"https:\/\/endurance-dz.com\/index.php\/produit\/running-jacket\/#primaryimage"},"image":{"@id":"https:\/\/endurance-dz.com\/index.php\/produit\/running-jacket\/#primaryimage"},"thumbnailUrl":"https:\/\/endurance-dz.com\/wp-content\/uploads\/2023\/11\/Running-jacket-e1731423736771.webp","datePublished":"2023-11-23T14:28:33+00:00","dateModified":"2025-09-23T10:58:17+00:00","breadcrumb":{"@id":"https:\/\/endurance-dz.com\/index.php\/produit\/running-jacket\/#breadcrumb"},"inLanguage":"fr-FR","potentialAction":[{"@type":"ReadAction","target":["https:\/\/endurance-dz.com\/index.php\/produit\/running-jacket\/"]}]},{"@type":"ImageObject","inLanguage":"fr-FR","@id":"https:\/\/endurance-dz.com\/index.php\/produit\/running-jacket\/#primaryimage","url":"https:\/\/endurance-dz.com\/wp-content\/uploads\/2023\/11\/Running-jacket-e1731423736771.webp","contentUrl":"https:\/\/endurance-dz.com\/wp-content\/uploads\/2023\/11\/Running-jacket-e1731423736771.webp","width":1200,"height":1200},{"@type":"BreadcrumbList","@id":"https:\/\/endurance-dz.com\/index.php\/produit\/running-jacket\/#breadcrumb","itemListElement":[{"@type":"ListItem","position":1,"name":"Accueil","item":"https:\/\/endurance-dz.com\/"},{"@type":"ListItem","position":2,"name":"Shop","item":"https:\/\/endurance-dz.com\/index.php\/shop\/"},{"@type":"ListItem","position":3,"name":"Running jacket"}]},{"@type":"WebSite","@id":"https:\/\/endurance-dz.com\/#website","url":"https:\/\/endurance-dz.com\/","name":"Endurance Algerie","description":"","publisher":{"@id":"https:\/\/endurance-dz.com\/#organization"},"potentialAction":[{"@type":"SearchAction","target":{"@type":"EntryPoint","urlTemplate":"https:\/\/endurance-dz.com\/?s={search_term_string}"},"query-input":{"@type":"PropertyValueSpecification","valueRequired":true,"valueName":"search_term_string"}}],"inLanguage":"fr-FR"},{"@type":"Organization","@id":"https:\/\/endurance-dz.com\/#organization","name":"Endurance Algerie","url":"https:\/\/endurance-dz.com\/","logo":{"@type":"ImageObject","inLanguage":"fr-FR","@id":"https:\/\/endurance-dz.com\/#\/schema\/logo\/image\/","url":"https:\/\/endurance-dz.com\/wp-content\/uploads\/2023\/11\/cropped-Endurance-icone-site-e1700606707992.png","contentUrl":"https:\/\/endurance-dz.com\/wp-content\/uploads\/2023\/11\/cropped-Endurance-icone-site-e1700606707992.png","width":512,"height":512,"caption":"Endurance Algerie"},"image":{"@id":"https:\/\/endurance-dz.com\/#\/schema\/logo\/image\/"},"sameAs":["https:\/\/www.facebook.com\/endurance.Sport.algerie"]}]}},"jetpack_sharing_enabled":true,"_links":{"self":[{"href":"https:\/\/endurance-dz.com\/index.php\/wp-json\/wp\/v2\/product\/1216","targetHints":{"allow":["GET"]}}],"collection":[{"href":"https:\/\/endurance-dz.com\/index.php\/wp-json\/wp\/v2\/product"}],"about":[{"href":"https:\/\/endurance-dz.com\/index.php\/wp-json\/wp\/v2\/types\/product"}],"version-history":[{"count":3,"href":"https:\/\/endurance-dz.com\/index.php\/wp-json\/wp\/v2\/product\/1216\/revisions"}],"predecessor-version":[{"id":2003,"href":"https:\/\/endurance-dz.com\/index.php\/wp-json\/wp\/v2\/product\/1216\/revisions\/2003"}],"wp:featuredmedia":[{"embeddable":true,"href":"https:\/\/endurance-dz.com\/index.php\/wp-json\/wp\/v2\/media\/1987"}],"wp:attachment":[{"href":"https:\/\/endurance-dz.com\/index.php\/wp-json\/wp\/v2\/media?parent=1216"}],"wp:term":[{"taxonomy":"product_brand","embeddable":true,"href":"https:\/\/endurance-dz.com\/index.php\/wp-json\/wp\/v2\/product_brand?post=1216"},{"taxonomy":"product_cat","embeddable":true,"href":"https:\/\/endurance-dz.com\/index.php\/wp-json\/wp\/v2\/product_cat?post=1216"},{"taxonomy":"product_tag","embeddable":true,"href":"https:\/\/endurance-dz.com\/index.php\/wp-json\/wp\/v2\/product_tag?post=1216"}],"curies":[{"name":"wp","href":"https:\/\/api.w.org\/{rel}","templated":true}]}}