{"id":1095,"date":"2023-11-22T18:01:16","date_gmt":"2023-11-22T17:01:16","guid":{"rendered":"https:\/\/endurance-dz.com\/?post_type=product&#038;p=1095"},"modified":"2025-09-23T11:44:28","modified_gmt":"2025-09-23T10:44:28","slug":"leoming-pour-homme","status":"publish","type":"product","link":"https:\/\/endurance-dz.com\/index.php\/produit\/leoming-pour-homme\/","title":{"rendered":"Leoming Midlayer &#8211; Homme"},"content":{"rendered":"<p>Voici le T-shirt fonctionnel \ud835\udc0b\ud835\udc04\ud835\udc0e\ud835\udc0c\ud835\udc08\ud835\udc0d\ud835\udc06 \ud835\udc0c \ud835\udc0c\ud835\udc22\ud835\udc1d\ud835\udc25\ud835\udc1a\ud835\udc32\ud835\udc1e\ud835\udc2b pour Hommes de la collection \ud835\udc04\ud835\udc0d\ud835\udc03\ud835\udc14\ud835\udc11\ud835\udc00\ud835\udc0d\ud835\udc02\ud835\udc04 du Danemark. Le design scandinave met en valeur votre look. Mais il est \u00e9galement tr\u00e8s fonctionnel. Le t-shirt \u00e0 manches longues est agr\u00e9ablement respirant, s\u00e8che tr\u00e8s rapidement gr\u00e2ce \u00e0 la technologie innovante QUICK DRY et est \u00e9quip\u00e9 d&rsquo;un joli patch dorsal en mat\u00e9riau fonctionnel gaufr\u00e9. Il est dot\u00e9 d&rsquo;une poche de poitrine zipp\u00e9e sur le devant. Des d\u00e9tails r\u00e9fl\u00e9chissants assurent une meilleure visibilit\u00e9 dans l&rsquo;obscurit\u00e9.<\/p>\n<p>&nbsp;<\/p>\n","protected":false},"excerpt":{"rendered":"<p>Voici le T-shirt fonctionnel \ud835\udc0b\ud835\udc04\ud835\udc0e\ud835\udc0c\ud835\udc08\ud835\udc0d\ud835\udc06 \ud835\udc0c \ud835\udc0c\ud835\udc22\ud835\udc1d\ud835\udc25\ud835\udc1a\ud835\udc32\ud835\udc1e\ud835\udc2b pour Hommes de la collection \ud835\udc04\ud835\udc0d\ud835\udc03\ud835\udc14\ud835\udc11\ud835\udc00\ud835\udc0d\ud835\udc02\ud835\udc04 du Danemark. Le design scandinave met en valeur votre look. Mais il est \u00e9galement tr\u00e8s fonctionnel. Le t-shirt \u00e0 manches longues est agr\u00e9ablement respirant, s\u00e8che tr\u00e8s rapidement gr\u00e2ce \u00e0 la technologie innovante QUICK DRY et est \u00e9quip\u00e9 d&rsquo;un joli patch dorsal en [&hellip;]<\/p>\n","protected":false},"featured_media":2166,"template":"","meta":{"site-sidebar-layout":"default","site-content-layout":"","ast-site-content-layout":"default","site-content-style":"default","site-sidebar-style":"default","ast-global-header-display":"","ast-banner-title-visibility":"","ast-main-header-display":"","ast-hfb-above-header-display":"","ast-hfb-below-header-display":"","ast-hfb-mobile-header-display":"","site-post-title":"","ast-breadcrumbs-content":"","ast-featured-img":"","footer-sml-layout":"","theme-transparent-header-meta":"default","adv-header-id-meta":"","stick-header-meta":"","header-above-stick-meta":"","header-main-stick-meta":"","header-below-stick-meta":"","astra-migrate-meta-layouts":"set","ast-page-background-enabled":"default","ast-page-background-meta":{"desktop":{"background-color":"var(--ast-global-color-4)","background-image":"","background-repeat":"repeat","background-position":"center center","background-size":"auto","background-attachment":"scroll","background-type":"","background-media":"","overlay-type":"","overlay-color":"","overlay-opacity":"","overlay-gradient":""},"tablet":{"background-color":"","background-image":"","background-repeat":"repeat","background-position":"center center","background-size":"auto","background-attachment":"scroll","background-type":"","background-media":"","overlay-type":"","overlay-color":"","overlay-opacity":"","overlay-gradient":""},"mobile":{"background-color":"","background-image":"","background-repeat":"repeat","background-position":"center center","background-size":"auto","background-attachment":"scroll","background-type":"","background-media":"","overlay-type":"","overlay-color":"","overlay-opacity":"","overlay-gradient":""}},"ast-content-background-meta":{"desktop":{"background-color":"var(--ast-global-color-5)","background-image":"","background-repeat":"repeat","background-position":"center center","background-size":"auto","background-attachment":"scroll","background-type":"","background-media":"","overlay-type":"","overlay-color":"","overlay-opacity":"","overlay-gradient":""},"tablet":{"background-color":"var(--ast-global-color-5)","background-image":"","background-repeat":"repeat","background-position":"center center","background-size":"auto","background-attachment":"scroll","background-type":"","background-media":"","overlay-type":"","overlay-color":"","overlay-opacity":"","overlay-gradient":""},"mobile":{"background-color":"var(--ast-global-color-5)","background-image":"","background-repeat":"repeat","background-position":"center center","background-size":"auto","background-attachment":"scroll","background-type":"","background-media":"","overlay-type":"","overlay-color":"","overlay-opacity":"","overlay-gradient":""}}},"product_brand":[],"product_cat":[41,40],"product_tag":[],"class_list":{"0":"post-1095","1":"product","2":"type-product","3":"status-publish","4":"has-post-thumbnail","6":"product_cat-homme","7":"product_cat-boutique","8":"desktop-align-center","9":"tablet-align-left","10":"mobile-align-left","12":"first","13":"instock","14":"sale","15":"shipping-taxable","16":"purchasable","17":"product-type-variable"},"yoast_head":"<!-- This site is optimized with the Yoast SEO plugin v26.4 - https:\/\/yoast.com\/wordpress\/plugins\/seo\/ -->\n<title>Leoming Midlayer - Homme - Endurance Algerie<\/title>\n<meta name=\"robots\" content=\"index, follow, max-snippet:-1, max-image-preview:large, max-video-preview:-1\" \/>\n<link rel=\"canonical\" href=\"https:\/\/endurance-dz.com\/index.php\/produit\/leoming-pour-homme\/\" \/>\n<meta property=\"og:locale\" content=\"fr_FR\" \/>\n<meta property=\"og:type\" content=\"article\" \/>\n<meta property=\"og:title\" content=\"Leoming Midlayer - Homme - Endurance Algerie\" \/>\n<meta property=\"og:description\" content=\"Voici le T-shirt fonctionnel \ud835\udc0b\ud835\udc04\ud835\udc0e\ud835\udc0c\ud835\udc08\ud835\udc0d\ud835\udc06 \ud835\udc0c \ud835\udc0c\ud835\udc22\ud835\udc1d\ud835\udc25\ud835\udc1a\ud835\udc32\ud835\udc1e\ud835\udc2b pour Hommes de la collection \ud835\udc04\ud835\udc0d\ud835\udc03\ud835\udc14\ud835\udc11\ud835\udc00\ud835\udc0d\ud835\udc02\ud835\udc04 du Danemark. Le design scandinave met en valeur votre look. Mais il est \u00e9galement tr\u00e8s fonctionnel. Le t-shirt \u00e0 manches longues est agr\u00e9ablement respirant, s\u00e8che tr\u00e8s rapidement gr\u00e2ce \u00e0 la technologie innovante QUICK DRY et est \u00e9quip\u00e9 d&rsquo;un joli patch dorsal en [&hellip;]\" \/>\n<meta property=\"og:url\" content=\"https:\/\/endurance-dz.com\/index.php\/produit\/leoming-pour-homme\/\" \/>\n<meta property=\"og:site_name\" content=\"Endurance Algerie\" \/>\n<meta property=\"article:publisher\" content=\"https:\/\/www.facebook.com\/endurance.Sport.algerie\" \/>\n<meta property=\"article:modified_time\" content=\"2025-09-23T10:44:28+00:00\" \/>\n<meta property=\"og:image\" content=\"https:\/\/endurance-dz.com\/wp-content\/uploads\/2023\/11\/2.jpg\" \/>\n\t<meta property=\"og:image:width\" content=\"1200\" \/>\n\t<meta property=\"og:image:height\" content=\"1200\" \/>\n\t<meta property=\"og:image:type\" content=\"image\/jpeg\" \/>\n<meta name=\"twitter:card\" content=\"summary_large_image\" \/>\n<meta name=\"twitter:label1\" content=\"Dur\u00e9e de lecture estim\u00e9e\" \/>\n\t<meta name=\"twitter:data1\" content=\"1 minute\" \/>\n<script type=\"application\/ld+json\" class=\"yoast-schema-graph\">{\"@context\":\"https:\/\/schema.org\",\"@graph\":[{\"@type\":\"WebPage\",\"@id\":\"https:\/\/endurance-dz.com\/index.php\/produit\/leoming-pour-homme\/\",\"url\":\"https:\/\/endurance-dz.com\/index.php\/produit\/leoming-pour-homme\/\",\"name\":\"Leoming Midlayer - Homme - Endurance Algerie\",\"isPartOf\":{\"@id\":\"https:\/\/endurance-dz.com\/#website\"},\"primaryImageOfPage\":{\"@id\":\"https:\/\/endurance-dz.com\/index.php\/produit\/leoming-pour-homme\/#primaryimage\"},\"image\":{\"@id\":\"https:\/\/endurance-dz.com\/index.php\/produit\/leoming-pour-homme\/#primaryimage\"},\"thumbnailUrl\":\"https:\/\/endurance-dz.com\/wp-content\/uploads\/2023\/11\/2.jpg\",\"datePublished\":\"2023-11-22T17:01:16+00:00\",\"dateModified\":\"2025-09-23T10:44:28+00:00\",\"breadcrumb\":{\"@id\":\"https:\/\/endurance-dz.com\/index.php\/produit\/leoming-pour-homme\/#breadcrumb\"},\"inLanguage\":\"fr-FR\",\"potentialAction\":[{\"@type\":\"ReadAction\",\"target\":[\"https:\/\/endurance-dz.com\/index.php\/produit\/leoming-pour-homme\/\"]}]},{\"@type\":\"ImageObject\",\"inLanguage\":\"fr-FR\",\"@id\":\"https:\/\/endurance-dz.com\/index.php\/produit\/leoming-pour-homme\/#primaryimage\",\"url\":\"https:\/\/endurance-dz.com\/wp-content\/uploads\/2023\/11\/2.jpg\",\"contentUrl\":\"https:\/\/endurance-dz.com\/wp-content\/uploads\/2023\/11\/2.jpg\",\"width\":1200,\"height\":1200},{\"@type\":\"BreadcrumbList\",\"@id\":\"https:\/\/endurance-dz.com\/index.php\/produit\/leoming-pour-homme\/#breadcrumb\",\"itemListElement\":[{\"@type\":\"ListItem\",\"position\":1,\"name\":\"Accueil\",\"item\":\"https:\/\/endurance-dz.com\/\"},{\"@type\":\"ListItem\",\"position\":2,\"name\":\"Shop\",\"item\":\"https:\/\/endurance-dz.com\/index.php\/shop\/\"},{\"@type\":\"ListItem\",\"position\":3,\"name\":\"Leoming Midlayer &#8211; Homme\"}]},{\"@type\":\"WebSite\",\"@id\":\"https:\/\/endurance-dz.com\/#website\",\"url\":\"https:\/\/endurance-dz.com\/\",\"name\":\"Endurance Algerie\",\"description\":\"\",\"publisher\":{\"@id\":\"https:\/\/endurance-dz.com\/#organization\"},\"potentialAction\":[{\"@type\":\"SearchAction\",\"target\":{\"@type\":\"EntryPoint\",\"urlTemplate\":\"https:\/\/endurance-dz.com\/?s={search_term_string}\"},\"query-input\":{\"@type\":\"PropertyValueSpecification\",\"valueRequired\":true,\"valueName\":\"search_term_string\"}}],\"inLanguage\":\"fr-FR\"},{\"@type\":\"Organization\",\"@id\":\"https:\/\/endurance-dz.com\/#organization\",\"name\":\"Endurance Algerie\",\"url\":\"https:\/\/endurance-dz.com\/\",\"logo\":{\"@type\":\"ImageObject\",\"inLanguage\":\"fr-FR\",\"@id\":\"https:\/\/endurance-dz.com\/#\/schema\/logo\/image\/\",\"url\":\"https:\/\/endurance-dz.com\/wp-content\/uploads\/2023\/11\/cropped-Endurance-icone-site-e1700606707992.png\",\"contentUrl\":\"https:\/\/endurance-dz.com\/wp-content\/uploads\/2023\/11\/cropped-Endurance-icone-site-e1700606707992.png\",\"width\":512,\"height\":512,\"caption\":\"Endurance Algerie\"},\"image\":{\"@id\":\"https:\/\/endurance-dz.com\/#\/schema\/logo\/image\/\"},\"sameAs\":[\"https:\/\/www.facebook.com\/endurance.Sport.algerie\"]}]}<\/script>\n<!-- \/ Yoast SEO plugin. -->","yoast_head_json":{"title":"Leoming Midlayer - Homme - Endurance Algerie","robots":{"index":"index","follow":"follow","max-snippet":"max-snippet:-1","max-image-preview":"max-image-preview:large","max-video-preview":"max-video-preview:-1"},"canonical":"https:\/\/endurance-dz.com\/index.php\/produit\/leoming-pour-homme\/","og_locale":"fr_FR","og_type":"article","og_title":"Leoming Midlayer - Homme - Endurance Algerie","og_description":"Voici le T-shirt fonctionnel \ud835\udc0b\ud835\udc04\ud835\udc0e\ud835\udc0c\ud835\udc08\ud835\udc0d\ud835\udc06 \ud835\udc0c \ud835\udc0c\ud835\udc22\ud835\udc1d\ud835\udc25\ud835\udc1a\ud835\udc32\ud835\udc1e\ud835\udc2b pour Hommes de la collection \ud835\udc04\ud835\udc0d\ud835\udc03\ud835\udc14\ud835\udc11\ud835\udc00\ud835\udc0d\ud835\udc02\ud835\udc04 du Danemark. Le design scandinave met en valeur votre look. Mais il est \u00e9galement tr\u00e8s fonctionnel. Le t-shirt \u00e0 manches longues est agr\u00e9ablement respirant, s\u00e8che tr\u00e8s rapidement gr\u00e2ce \u00e0 la technologie innovante QUICK DRY et est \u00e9quip\u00e9 d&rsquo;un joli patch dorsal en [&hellip;]","og_url":"https:\/\/endurance-dz.com\/index.php\/produit\/leoming-pour-homme\/","og_site_name":"Endurance Algerie","article_publisher":"https:\/\/www.facebook.com\/endurance.Sport.algerie","article_modified_time":"2025-09-23T10:44:28+00:00","og_image":[{"width":1200,"height":1200,"url":"https:\/\/endurance-dz.com\/wp-content\/uploads\/2023\/11\/2.jpg","type":"image\/jpeg"}],"twitter_card":"summary_large_image","twitter_misc":{"Dur\u00e9e de lecture estim\u00e9e":"1 minute"},"schema":{"@context":"https:\/\/schema.org","@graph":[{"@type":"WebPage","@id":"https:\/\/endurance-dz.com\/index.php\/produit\/leoming-pour-homme\/","url":"https:\/\/endurance-dz.com\/index.php\/produit\/leoming-pour-homme\/","name":"Leoming Midlayer - Homme - Endurance Algerie","isPartOf":{"@id":"https:\/\/endurance-dz.com\/#website"},"primaryImageOfPage":{"@id":"https:\/\/endurance-dz.com\/index.php\/produit\/leoming-pour-homme\/#primaryimage"},"image":{"@id":"https:\/\/endurance-dz.com\/index.php\/produit\/leoming-pour-homme\/#primaryimage"},"thumbnailUrl":"https:\/\/endurance-dz.com\/wp-content\/uploads\/2023\/11\/2.jpg","datePublished":"2023-11-22T17:01:16+00:00","dateModified":"2025-09-23T10:44:28+00:00","breadcrumb":{"@id":"https:\/\/endurance-dz.com\/index.php\/produit\/leoming-pour-homme\/#breadcrumb"},"inLanguage":"fr-FR","potentialAction":[{"@type":"ReadAction","target":["https:\/\/endurance-dz.com\/index.php\/produit\/leoming-pour-homme\/"]}]},{"@type":"ImageObject","inLanguage":"fr-FR","@id":"https:\/\/endurance-dz.com\/index.php\/produit\/leoming-pour-homme\/#primaryimage","url":"https:\/\/endurance-dz.com\/wp-content\/uploads\/2023\/11\/2.jpg","contentUrl":"https:\/\/endurance-dz.com\/wp-content\/uploads\/2023\/11\/2.jpg","width":1200,"height":1200},{"@type":"BreadcrumbList","@id":"https:\/\/endurance-dz.com\/index.php\/produit\/leoming-pour-homme\/#breadcrumb","itemListElement":[{"@type":"ListItem","position":1,"name":"Accueil","item":"https:\/\/endurance-dz.com\/"},{"@type":"ListItem","position":2,"name":"Shop","item":"https:\/\/endurance-dz.com\/index.php\/shop\/"},{"@type":"ListItem","position":3,"name":"Leoming Midlayer &#8211; Homme"}]},{"@type":"WebSite","@id":"https:\/\/endurance-dz.com\/#website","url":"https:\/\/endurance-dz.com\/","name":"Endurance Algerie","description":"","publisher":{"@id":"https:\/\/endurance-dz.com\/#organization"},"potentialAction":[{"@type":"SearchAction","target":{"@type":"EntryPoint","urlTemplate":"https:\/\/endurance-dz.com\/?s={search_term_string}"},"query-input":{"@type":"PropertyValueSpecification","valueRequired":true,"valueName":"search_term_string"}}],"inLanguage":"fr-FR"},{"@type":"Organization","@id":"https:\/\/endurance-dz.com\/#organization","name":"Endurance Algerie","url":"https:\/\/endurance-dz.com\/","logo":{"@type":"ImageObject","inLanguage":"fr-FR","@id":"https:\/\/endurance-dz.com\/#\/schema\/logo\/image\/","url":"https:\/\/endurance-dz.com\/wp-content\/uploads\/2023\/11\/cropped-Endurance-icone-site-e1700606707992.png","contentUrl":"https:\/\/endurance-dz.com\/wp-content\/uploads\/2023\/11\/cropped-Endurance-icone-site-e1700606707992.png","width":512,"height":512,"caption":"Endurance Algerie"},"image":{"@id":"https:\/\/endurance-dz.com\/#\/schema\/logo\/image\/"},"sameAs":["https:\/\/www.facebook.com\/endurance.Sport.algerie"]}]}},"jetpack_sharing_enabled":true,"_links":{"self":[{"href":"https:\/\/endurance-dz.com\/index.php\/wp-json\/wp\/v2\/product\/1095","targetHints":{"allow":["GET"]}}],"collection":[{"href":"https:\/\/endurance-dz.com\/index.php\/wp-json\/wp\/v2\/product"}],"about":[{"href":"https:\/\/endurance-dz.com\/index.php\/wp-json\/wp\/v2\/types\/product"}],"version-history":[{"count":12,"href":"https:\/\/endurance-dz.com\/index.php\/wp-json\/wp\/v2\/product\/1095\/revisions"}],"predecessor-version":[{"id":2210,"href":"https:\/\/endurance-dz.com\/index.php\/wp-json\/wp\/v2\/product\/1095\/revisions\/2210"}],"wp:featuredmedia":[{"embeddable":true,"href":"https:\/\/endurance-dz.com\/index.php\/wp-json\/wp\/v2\/media\/2166"}],"wp:attachment":[{"href":"https:\/\/endurance-dz.com\/index.php\/wp-json\/wp\/v2\/media?parent=1095"}],"wp:term":[{"taxonomy":"product_brand","embeddable":true,"href":"https:\/\/endurance-dz.com\/index.php\/wp-json\/wp\/v2\/product_brand?post=1095"},{"taxonomy":"product_cat","embeddable":true,"href":"https:\/\/endurance-dz.com\/index.php\/wp-json\/wp\/v2\/product_cat?post=1095"},{"taxonomy":"product_tag","embeddable":true,"href":"https:\/\/endurance-dz.com\/index.php\/wp-json\/wp\/v2\/product_tag?post=1095"}],"curies":[{"name":"wp","href":"https:\/\/api.w.org\/{rel}","templated":true}]}}